{"id":1367917,"date":"2025-09-09T17:17:24","date_gmt":"2025-09-09T14:17:24","guid":{"rendered":"https:\/\/games.tactic.net\/tuote\/tactic-jorden-runt\/"},"modified":"2025-09-09T17:17:24","modified_gmt":"2025-09-09T14:17:24","slug":"tactic-jorden-runt","status":"publish","type":"product","link":"https:\/\/games.tactic.net\/sv\/tuote\/tactic-jorden-runt\/","title":{"rendered":"Tactic Jorden runt"},"content":{"rendered":"<p>S\u00e4tt dina geografikunskaper p\u00e5 prov i Jorden runt! V\u00e4lj flaggor, svara p\u00e5 fr\u00e5gor om olika l\u00e4nder och ut\u00f6ka dina kunskaper p\u00e5 ett roligt s\u00e4tt. Anv\u00e4nd flervalssvaren om ni vill spela hela familjen s\u00e5 blir spelet lite enklare. Du kan ocks\u00e5 samarbeta med de andra spelarna. B\u00f6rja spela och l\u00e4r dig mer om v\u00e5r v\u00e4rld!<\/p>\n","protected":false},"excerpt":{"rendered":"<p>S\u00e4tt dina geografikunskaper p\u00e5 prov i Jorden runt! V\u00e4lj flaggor, svara p\u00e5 fr\u00e5gor om olika l\u00e4nder och ut\u00f6ka dina kunskaper p\u00e5 ett roligt s\u00e4tt. Anv\u00e4nd flervalssvaren om ni vill spela hela familjen s\u00e5 blir spelet lite enklare.<br \/>\nKom snabbare fram p\u00e5 banan genom att svara r\u00e4tt p\u00e5 till\u00e4ggsfr\u00e5gorna och du kan ocks\u00e5 samarbeta med de andra spelarna.<\/p>\n","protected":false},"featured_media":0,"template":"","meta":{"content-type":"","_monsterinsights_skip_tracking":false,"_monsterinsights_sitenote_active":false,"_monsterinsights_sitenote_note":"","_monsterinsights_sitenote_category":0},"product_brand":[],"product_cat":[1524],"product_tag":[],"brand":[],"target-group":[],"discontinued":[],"class_list":{"0":"post-1367917","1":"product","2":"type-product","3":"status-publish","5":"product_cat-fragespel-familjespel","7":"first","8":"instock","9":"taxable","10":"shipping-taxable","11":"product-type-simple"},"aioseo_notices":[],"_links":{"self":[{"href":"https:\/\/games.tactic.net\/sv\/wp-json\/wp\/v2\/product\/1367917","targetHints":{"allow":["GET"]}}],"collection":[{"href":"https:\/\/games.tactic.net\/sv\/wp-json\/wp\/v2\/product"}],"about":[{"href":"https:\/\/games.tactic.net\/sv\/wp-json\/wp\/v2\/types\/product"}],"wp:attachment":[{"href":"https:\/\/games.tactic.net\/sv\/wp-json\/wp\/v2\/media?parent=1367917"}],"wp:term":[{"taxonomy":"product_brand","embeddable":true,"href":"https:\/\/games.tactic.net\/sv\/wp-json\/wp\/v2\/product_brand?post=1367917"},{"taxonomy":"product_cat","embeddable":true,"href":"https:\/\/games.tactic.net\/sv\/wp-json\/wp\/v2\/product_cat?post=1367917"},{"taxonomy":"product_tag","embeddable":true,"href":"https:\/\/games.tactic.net\/sv\/wp-json\/wp\/v2\/product_tag?post=1367917"},{"taxonomy":"brand","embeddable":true,"href":"https:\/\/games.tactic.net\/sv\/wp-json\/wp\/v2\/brand?post=1367917"},{"taxonomy":"target-group","embeddable":true,"href":"https:\/\/games.tactic.net\/sv\/wp-json\/wp\/v2\/target-group?post=1367917"},{"taxonomy":"discontinued","embeddable":true,"href":"https:\/\/games.tactic.net\/sv\/wp-json\/wp\/v2\/discontinued?post=1367917"}],"curies":[{"name":"wp","href":"https:\/\/api.w.org\/{rel}","templated":true}]}}