{"id":1367907,"date":"2025-09-05T16:11:37","date_gmt":"2025-09-05T13:11:37","guid":{"rendered":"https:\/\/games.tactic.net\/tuote\/gamesson-electronic-dartboard-devil\/"},"modified":"2025-09-05T16:11:37","modified_gmt":"2025-09-05T13:11:37","slug":"gamesson-electronic-dartboard-devil","status":"publish","type":"product","link":"https:\/\/games.tactic.net\/sv\/tuote\/gamesson-electronic-dartboard-devil\/","title":{"rendered":"Gamesson electronic dartboard Devil"},"content":{"rendered":"<p>En elektronisk darttavla. \u00c5tta spelare kan v\u00e4lja mellan 25 olika spel. Med en LCD display drivs darttavlan endast med tre AA-batterier. 25 olika spel, 1-8 st spelare, LCD display. Inneh\u00e5ll: elektronisk darttavla &#8211; 2 set dartpilar, soft Extra spetsar &#8211; Regler och instruktioner p\u00e5 nordiska spr\u00e5k och engelska.<\/p>\n","protected":false},"excerpt":{"rendered":"<p>Elektronisk darttavla Catdart Devil II<\/p>\n","protected":false},"featured_media":0,"template":"","meta":{"content-type":"","_monsterinsights_skip_tracking":false,"_monsterinsights_sitenote_active":false,"_monsterinsights_sitenote_note":"","_monsterinsights_sitenote_category":0},"product_brand":[],"product_cat":[2333],"product_tag":[],"brand":[],"target-group":[],"discontinued":[],"class_list":{"0":"post-1367907","1":"product","2":"type-product","3":"status-publish","5":"product_cat-bex-sport-utomhus-spel","7":"first","8":"outofstock","9":"taxable","10":"shipping-taxable","11":"product-type-simple"},"aioseo_notices":[],"_links":{"self":[{"href":"https:\/\/games.tactic.net\/sv\/wp-json\/wp\/v2\/product\/1367907","targetHints":{"allow":["GET"]}}],"collection":[{"href":"https:\/\/games.tactic.net\/sv\/wp-json\/wp\/v2\/product"}],"about":[{"href":"https:\/\/games.tactic.net\/sv\/wp-json\/wp\/v2\/types\/product"}],"wp:attachment":[{"href":"https:\/\/games.tactic.net\/sv\/wp-json\/wp\/v2\/media?parent=1367907"}],"wp:term":[{"taxonomy":"product_brand","embeddable":true,"href":"https:\/\/games.tactic.net\/sv\/wp-json\/wp\/v2\/product_brand?post=1367907"},{"taxonomy":"product_cat","embeddable":true,"href":"https:\/\/games.tactic.net\/sv\/wp-json\/wp\/v2\/product_cat?post=1367907"},{"taxonomy":"product_tag","embeddable":true,"href":"https:\/\/games.tactic.net\/sv\/wp-json\/wp\/v2\/product_tag?post=1367907"},{"taxonomy":"brand","embeddable":true,"href":"https:\/\/games.tactic.net\/sv\/wp-json\/wp\/v2\/brand?post=1367907"},{"taxonomy":"target-group","embeddable":true,"href":"https:\/\/games.tactic.net\/sv\/wp-json\/wp\/v2\/target-group?post=1367907"},{"taxonomy":"discontinued","embeddable":true,"href":"https:\/\/games.tactic.net\/sv\/wp-json\/wp\/v2\/discontinued?post=1367907"}],"curies":[{"name":"wp","href":"https:\/\/api.w.org\/{rel}","templated":true}]}}