{"id":1367773,"date":"2025-08-12T17:16:44","date_gmt":"2025-08-12T14:16:44","guid":{"rendered":"https:\/\/games.tactic.net\/tuote\/accessories-tractor-loading-box-forks1round-bale\/"},"modified":"2026-02-24T13:41:14","modified_gmt":"2026-02-24T11:41:14","slug":"accessories-tractor-loading-box-forks1round-bale","status":"publish","type":"product","link":"https:\/\/games.tactic.net\/sv\/tuote\/accessories-tractor-loading-box-forks1round-bale\/","title":{"rendered":"Accessories: Tractor loading box forks+1round bale"},"content":{"rendered":"<p>Komplettera din BRUDER-traktor med detta praktiska tillbeh\u00f6rsset! Setet inneh\u00e5ller en realistisk lastl\u00e5da som enkelt f\u00e4sts p\u00e5 traktorns baksida. L\u00e5dan har en \u00f6ppningsbar baklucka och kan tippas helt \u2013 precis som p\u00e5 riktigt! Med de medf\u00f6ljande utbytbara gafflarna kan du enkelt transportera den inkluderade rundbalen. Ett perfekt till\u00e4gg f\u00f6r \u00e4nnu mer verklighetstrogna och roliga bondg\u00e5rdslekar!<\/p>\n","protected":false},"excerpt":{"rendered":"<p>Komplettera din BRUDER-traktor med detta praktiska tillbeh\u00f6rsset! Setet inneh\u00e5ller en realistisk lastl\u00e5da som enkelt f\u00e4sts p\u00e5 traktorns baksida.<\/p>\n","protected":false},"featured_media":0,"template":"","meta":{"content-type":"","_monsterinsights_skip_tracking":false,"_monsterinsights_sitenote_active":false,"_monsterinsights_sitenote_note":"","_monsterinsights_sitenote_category":0},"product_brand":[],"product_cat":[823],"product_tag":[],"brand":[],"target-group":[],"discontinued":[],"class_list":{"0":"post-1367773","1":"product","2":"type-product","3":"status-publish","5":"product_cat-bruder","7":"first","8":"instock","9":"taxable","10":"shipping-taxable","11":"product-type-simple"},"aioseo_notices":[],"_links":{"self":[{"href":"https:\/\/games.tactic.net\/sv\/wp-json\/wp\/v2\/product\/1367773","targetHints":{"allow":["GET"]}}],"collection":[{"href":"https:\/\/games.tactic.net\/sv\/wp-json\/wp\/v2\/product"}],"about":[{"href":"https:\/\/games.tactic.net\/sv\/wp-json\/wp\/v2\/types\/product"}],"wp:attachment":[{"href":"https:\/\/games.tactic.net\/sv\/wp-json\/wp\/v2\/media?parent=1367773"}],"wp:term":[{"taxonomy":"product_brand","embeddable":true,"href":"https:\/\/games.tactic.net\/sv\/wp-json\/wp\/v2\/product_brand?post=1367773"},{"taxonomy":"product_cat","embeddable":true,"href":"https:\/\/games.tactic.net\/sv\/wp-json\/wp\/v2\/product_cat?post=1367773"},{"taxonomy":"product_tag","embeddable":true,"href":"https:\/\/games.tactic.net\/sv\/wp-json\/wp\/v2\/product_tag?post=1367773"},{"taxonomy":"brand","embeddable":true,"href":"https:\/\/games.tactic.net\/sv\/wp-json\/wp\/v2\/brand?post=1367773"},{"taxonomy":"target-group","embeddable":true,"href":"https:\/\/games.tactic.net\/sv\/wp-json\/wp\/v2\/target-group?post=1367773"},{"taxonomy":"discontinued","embeddable":true,"href":"https:\/\/games.tactic.net\/sv\/wp-json\/wp\/v2\/discontinued?post=1367773"}],"curies":[{"name":"wp","href":"https:\/\/api.w.org\/{rel}","templated":true}]}}