{"id":1367726,"date":"2025-07-29T13:07:51","date_gmt":"2025-07-29T10:07:51","guid":{"rendered":"https:\/\/games.tactic.net\/tuote\/tactic-my-little-pony-silly-families-card-game\/"},"modified":"2025-07-29T13:07:51","modified_gmt":"2025-07-29T10:07:51","slug":"tactic-my-little-pony-silly-families-card-game","status":"publish","type":"product","link":"https:\/\/games.tactic.net\/sv\/tuote\/tactic-my-little-pony-silly-families-card-game\/","title":{"rendered":"Tactic My Little Pony Silly Families card game"},"content":{"rendered":"<p>Samla flest kvartetter och vinn! L\u00e4r dig att r\u00e4kna och k\u00e4nna igen f\u00e4rger. Till och med de yngsta barnen kan vara med eftersom man inte beh\u00f6ver kunna l\u00e4sa f\u00f6r att ha skoj med det h\u00e4r spelet!<\/p>\n","protected":false},"excerpt":{"rendered":"<p>Samla flest kvartetter och vinn! L\u00e4r dig att r\u00e4kna och k\u00e4nna igen f\u00e4rger. Till och med de yngsta barnen kan vara med eftersom man inte beh\u00f6ver kunna l\u00e4sa f\u00f6r att ha skoj med det h\u00e4r spelet!<\/p>\n","protected":false},"featured_media":0,"template":"","meta":{"content-type":"","_monsterinsights_skip_tracking":false,"_monsterinsights_sitenote_active":false,"_monsterinsights_sitenote_note":"","_monsterinsights_sitenote_category":0},"product_brand":[],"product_cat":[303],"product_tag":[1235,857],"brand":[],"target-group":[],"discontinued":[],"class_list":{"0":"post-1367726","1":"product","2":"type-product","3":"status-publish","5":"product_cat-barnspel","6":"product_tag-kombinera-sv","7":"product_tag-tur","9":"first","10":"instock","11":"taxable","12":"shipping-taxable","13":"product-type-simple"},"aioseo_notices":[],"_links":{"self":[{"href":"https:\/\/games.tactic.net\/sv\/wp-json\/wp\/v2\/product\/1367726","targetHints":{"allow":["GET"]}}],"collection":[{"href":"https:\/\/games.tactic.net\/sv\/wp-json\/wp\/v2\/product"}],"about":[{"href":"https:\/\/games.tactic.net\/sv\/wp-json\/wp\/v2\/types\/product"}],"wp:attachment":[{"href":"https:\/\/games.tactic.net\/sv\/wp-json\/wp\/v2\/media?parent=1367726"}],"wp:term":[{"taxonomy":"product_brand","embeddable":true,"href":"https:\/\/games.tactic.net\/sv\/wp-json\/wp\/v2\/product_brand?post=1367726"},{"taxonomy":"product_cat","embeddable":true,"href":"https:\/\/games.tactic.net\/sv\/wp-json\/wp\/v2\/product_cat?post=1367726"},{"taxonomy":"product_tag","embeddable":true,"href":"https:\/\/games.tactic.net\/sv\/wp-json\/wp\/v2\/product_tag?post=1367726"},{"taxonomy":"brand","embeddable":true,"href":"https:\/\/games.tactic.net\/sv\/wp-json\/wp\/v2\/brand?post=1367726"},{"taxonomy":"target-group","embeddable":true,"href":"https:\/\/games.tactic.net\/sv\/wp-json\/wp\/v2\/target-group?post=1367726"},{"taxonomy":"discontinued","embeddable":true,"href":"https:\/\/games.tactic.net\/sv\/wp-json\/wp\/v2\/discontinued?post=1367726"}],"curies":[{"name":"wp","href":"https:\/\/api.w.org\/{rel}","templated":true}]}}