{"id":1367663,"date":"2025-07-08T14:07:56","date_gmt":"2025-07-08T11:07:56","guid":{"rendered":"https:\/\/games.tactic.net\/tuote\/lumo-stars-german-shepherd-max-mini\/"},"modified":"2025-07-08T14:07:56","modified_gmt":"2025-07-08T11:07:56","slug":"lumo-stars-german-shepherd-max-mini","status":"publish","type":"product","link":"https:\/\/games.tactic.net\/sv\/tuote\/lumo-stars-german-shepherd-max-mini\/","title":{"rendered":"Lumo Stars German Shepherd Max mini"},"content":{"rendered":"<p>Hej! Jag \u00e4r Max, den gosiga sch\u00e4fervalp. Med min lekfulla anda och milda natur \u00e4r jag h\u00e4r f\u00f6r att vara din st\u00e4ndiga k\u00e4lla till kramar. L\u00e5t oss skapa of\u00f6rgl\u00f6mliga minnen tillsammans n\u00e4r vi utforskar v\u00e4rlden sida vid sida! Storlek 8,5 cm.<\/p>\n<p>Ingen kan motst\u00e5 de s\u00f6ta Lumo Stars Puppies hundmjukisdjuren. I produktserien hittar du de mest popul\u00e4ra hundraserna och tillbeh\u00f6r f\u00f6r valpv\u00e5rd.<\/p>\n","protected":false},"excerpt":{"rendered":"<p>Hej! Jag \u00e4r Max, den gosiga sch\u00e4fervalp. Med min lekfulla anda och milda natur \u00e4r jag h\u00e4r f\u00f6r att vara din st\u00e4ndiga k\u00e4lla till kramar<\/p>\n","protected":false},"featured_media":0,"template":"","meta":{"content-type":"","_monsterinsights_skip_tracking":false,"_monsterinsights_sitenote_active":false,"_monsterinsights_sitenote_note":"","_monsterinsights_sitenote_category":0},"product_brand":[],"product_cat":[1565],"product_tag":[],"brand":[],"target-group":[],"discontinued":[],"class_list":{"0":"post-1367663","1":"product","2":"type-product","3":"status-publish","5":"product_cat-mini-gosedjur-lumo-stars-5","7":"first","8":"instock","9":"taxable","10":"shipping-taxable","11":"product-type-simple"},"aioseo_notices":[],"_links":{"self":[{"href":"https:\/\/games.tactic.net\/sv\/wp-json\/wp\/v2\/product\/1367663","targetHints":{"allow":["GET"]}}],"collection":[{"href":"https:\/\/games.tactic.net\/sv\/wp-json\/wp\/v2\/product"}],"about":[{"href":"https:\/\/games.tactic.net\/sv\/wp-json\/wp\/v2\/types\/product"}],"wp:attachment":[{"href":"https:\/\/games.tactic.net\/sv\/wp-json\/wp\/v2\/media?parent=1367663"}],"wp:term":[{"taxonomy":"product_brand","embeddable":true,"href":"https:\/\/games.tactic.net\/sv\/wp-json\/wp\/v2\/product_brand?post=1367663"},{"taxonomy":"product_cat","embeddable":true,"href":"https:\/\/games.tactic.net\/sv\/wp-json\/wp\/v2\/product_cat?post=1367663"},{"taxonomy":"product_tag","embeddable":true,"href":"https:\/\/games.tactic.net\/sv\/wp-json\/wp\/v2\/product_tag?post=1367663"},{"taxonomy":"brand","embeddable":true,"href":"https:\/\/games.tactic.net\/sv\/wp-json\/wp\/v2\/brand?post=1367663"},{"taxonomy":"target-group","embeddable":true,"href":"https:\/\/games.tactic.net\/sv\/wp-json\/wp\/v2\/target-group?post=1367663"},{"taxonomy":"discontinued","embeddable":true,"href":"https:\/\/games.tactic.net\/sv\/wp-json\/wp\/v2\/discontinued?post=1367663"}],"curies":[{"name":"wp","href":"https:\/\/api.w.org\/{rel}","templated":true}]}}