{"id":1367662,"date":"2025-07-08T14:07:37","date_gmt":"2025-07-08T11:07:37","guid":{"rendered":"https:\/\/games.tactic.net\/tuote\/lumo-stars-cockerspaniel-bubby-mini\/"},"modified":"2025-07-08T14:07:37","modified_gmt":"2025-07-08T11:07:37","slug":"lumo-stars-cockerspaniel-bubby-mini","status":"publish","type":"product","link":"https:\/\/games.tactic.net\/sv\/tuote\/lumo-stars-cockerspaniel-bubby-mini\/","title":{"rendered":"Lumo Stars Cockerspaniel Bubby mini"},"content":{"rendered":"<p>Jag \u00e4r Buddy, den \u00e4lskv\u00e4rda cocker spanieln! Oavsett om det \u00e4r lek i parken eller mysiga stunder i soffan \u00e4r jag din b\u00e4sta v\u00e4n! Storlek 8,5 cm.<\/p>\n<p>Ingen kan motst\u00e5 de s\u00f6ta Lumo Stars Puppies hundmjukisdjuren. I produktserien hittar du de mest popul\u00e4ra hundraserna och tillbeh\u00f6r f\u00f6r valpv\u00e5rd.<\/p>\n","protected":false},"excerpt":{"rendered":"<p>Jag \u00e4r Buddy, den \u00e4lskv\u00e4rda cocker spanieln! Oavsett om det \u00e4r lek i parken eller mysiga stunder i soffan \u00e4r jag din b\u00e4sta v\u00e4n! Storlek 8,5 cm. Ingen kan motst\u00e5 de s\u00f6ta Lumo Stars Puppies hundmjukisdjuren. I produktserien hittar du de mest popul\u00e4ra hundraserna och tillbeh\u00f6r f\u00f6r valpv\u00e5rd.<\/p>\n","protected":false},"featured_media":0,"template":"","meta":{"content-type":"","_monsterinsights_skip_tracking":false,"_monsterinsights_sitenote_active":false,"_monsterinsights_sitenote_note":"","_monsterinsights_sitenote_category":0},"product_brand":[],"product_cat":[1565],"product_tag":[],"brand":[],"target-group":[],"discontinued":[],"class_list":{"0":"post-1367662","1":"product","2":"type-product","3":"status-publish","5":"product_cat-mini-gosedjur-lumo-stars-5","7":"first","8":"outofstock","9":"taxable","10":"shipping-taxable","11":"product-type-simple"},"aioseo_notices":[],"_links":{"self":[{"href":"https:\/\/games.tactic.net\/sv\/wp-json\/wp\/v2\/product\/1367662","targetHints":{"allow":["GET"]}}],"collection":[{"href":"https:\/\/games.tactic.net\/sv\/wp-json\/wp\/v2\/product"}],"about":[{"href":"https:\/\/games.tactic.net\/sv\/wp-json\/wp\/v2\/types\/product"}],"wp:attachment":[{"href":"https:\/\/games.tactic.net\/sv\/wp-json\/wp\/v2\/media?parent=1367662"}],"wp:term":[{"taxonomy":"product_brand","embeddable":true,"href":"https:\/\/games.tactic.net\/sv\/wp-json\/wp\/v2\/product_brand?post=1367662"},{"taxonomy":"product_cat","embeddable":true,"href":"https:\/\/games.tactic.net\/sv\/wp-json\/wp\/v2\/product_cat?post=1367662"},{"taxonomy":"product_tag","embeddable":true,"href":"https:\/\/games.tactic.net\/sv\/wp-json\/wp\/v2\/product_tag?post=1367662"},{"taxonomy":"brand","embeddable":true,"href":"https:\/\/games.tactic.net\/sv\/wp-json\/wp\/v2\/brand?post=1367662"},{"taxonomy":"target-group","embeddable":true,"href":"https:\/\/games.tactic.net\/sv\/wp-json\/wp\/v2\/target-group?post=1367662"},{"taxonomy":"discontinued","embeddable":true,"href":"https:\/\/games.tactic.net\/sv\/wp-json\/wp\/v2\/discontinued?post=1367662"}],"curies":[{"name":"wp","href":"https:\/\/api.w.org\/{rel}","templated":true}]}}