{"id":1367658,"date":"2025-07-07T17:16:23","date_gmt":"2025-07-07T14:16:23","guid":{"rendered":"https:\/\/games.tactic.net\/tuote\/bruder-accessories-light-and-sound-module-trucks\/"},"modified":"2025-07-07T17:16:23","modified_gmt":"2025-07-07T14:16:23","slug":"bruder-accessories-light-and-sound-module-trucks","status":"publish","type":"product","link":"https:\/\/games.tactic.net\/sv\/tuote\/bruder-accessories-light-and-sound-module-trucks\/","title":{"rendered":"Bruder Accessories Light and Sound Module trucks"},"content":{"rendered":"<p>Den nya ljus- och ljudmodulen f\u00f6r lastbilar har en imponerande, modern design och f\u00f6rb\u00e4ttrar alla BRUDER-lastbilar. Fyra olika funktionsknappar g\u00f6r det m\u00f6jligt att \u00e5terge motorljud, polis sirener, brandk\u00e5rs sirener samt till och med ett n\u00f6dsignalljud i cirka 20 sekunder. N\u00f6dsignalen \u00e4r s\u00e4rskilt anv\u00e4ndbar i tung trafik och vid v\u00e4gkorsningar f\u00f6r att dra \u00e4nnu mer uppm\u00e4rksamhet n\u00e4r bl\u00e5ljus och sirener \u00e4r p\u00e5slagna i n\u00f6dtj\u00e4nstfordon. Ljusfunktionen aktiveras samtidigt med motsvarande ljud.<\/p>\n","protected":false},"excerpt":{"rendered":"<p>Den nya ljus- och ljudmodulen f\u00f6r lastbilar har en imponerande, modern design och f\u00f6rb\u00e4ttrar alla BRUDER-lastbilar.<\/p>\n","protected":false},"featured_media":0,"template":"","meta":{"content-type":"","_monsterinsights_skip_tracking":false,"_monsterinsights_sitenote_active":false,"_monsterinsights_sitenote_note":"","_monsterinsights_sitenote_category":0},"product_brand":[],"product_cat":[823],"product_tag":[],"brand":[],"target-group":[],"discontinued":[],"class_list":{"0":"post-1367658","1":"product","2":"type-product","3":"status-publish","5":"product_cat-bruder","7":"first","8":"instock","9":"taxable","10":"shipping-taxable","11":"product-type-simple"},"aioseo_notices":[],"_links":{"self":[{"href":"https:\/\/games.tactic.net\/sv\/wp-json\/wp\/v2\/product\/1367658","targetHints":{"allow":["GET"]}}],"collection":[{"href":"https:\/\/games.tactic.net\/sv\/wp-json\/wp\/v2\/product"}],"about":[{"href":"https:\/\/games.tactic.net\/sv\/wp-json\/wp\/v2\/types\/product"}],"wp:attachment":[{"href":"https:\/\/games.tactic.net\/sv\/wp-json\/wp\/v2\/media?parent=1367658"}],"wp:term":[{"taxonomy":"product_brand","embeddable":true,"href":"https:\/\/games.tactic.net\/sv\/wp-json\/wp\/v2\/product_brand?post=1367658"},{"taxonomy":"product_cat","embeddable":true,"href":"https:\/\/games.tactic.net\/sv\/wp-json\/wp\/v2\/product_cat?post=1367658"},{"taxonomy":"product_tag","embeddable":true,"href":"https:\/\/games.tactic.net\/sv\/wp-json\/wp\/v2\/product_tag?post=1367658"},{"taxonomy":"brand","embeddable":true,"href":"https:\/\/games.tactic.net\/sv\/wp-json\/wp\/v2\/brand?post=1367658"},{"taxonomy":"target-group","embeddable":true,"href":"https:\/\/games.tactic.net\/sv\/wp-json\/wp\/v2\/target-group?post=1367658"},{"taxonomy":"discontinued","embeddable":true,"href":"https:\/\/games.tactic.net\/sv\/wp-json\/wp\/v2\/discontinued?post=1367658"}],"curies":[{"name":"wp","href":"https:\/\/api.w.org\/{rel}","templated":true}]}}