{"id":1367655,"date":"2025-07-07T17:16:05","date_gmt":"2025-07-07T14:16:05","guid":{"rendered":"https:\/\/games.tactic.net\/tuote\/magnetic-tiles-set-61-pcs\/"},"modified":"2025-07-07T17:16:05","modified_gmt":"2025-07-07T14:16:05","slug":"magnetic-tiles-set-61-pcs","status":"publish","type":"product","link":"https:\/\/games.tactic.net\/sv\/tuote\/magnetic-tiles-set-61-pcs\/","title":{"rendered":"Magnetic Tiles set 61 pcs"},"content":{"rendered":"<p>L\u00e5t oss l\u00e4gga till lite magnetisk kreativitet i leken! Med dessa f\u00e4rgglada magnetplattor i olika former kan du l\u00e5ta fantasin flyga fritt och bygga n\u00e4stan vad som helst! Du kan bygga enligt id\u00e9h\u00e4ftet som medf\u00f6ljer produkten \u2013 eller bara f\u00f6lja din egen fantasi.<br \/>\nPicassoTiles magnetiska delar \u00e4r kompatibla med varandra, s\u00e5 ju fler plattor du har, desto st\u00f6rre byggm\u00e4stare kan du bli!<\/p>\n","protected":false},"excerpt":{"rendered":"<p>Med detta byggset med 61 delar fr\u00e5n PicassoTiles kan du l\u00e5ta din kreativitet fl\u00f6da!<\/p>\n","protected":false},"featured_media":0,"template":"","meta":{"content-type":"","_monsterinsights_skip_tracking":false,"_monsterinsights_sitenote_active":false,"_monsterinsights_sitenote_note":"","_monsterinsights_sitenote_category":0},"product_brand":[],"product_cat":[2292],"product_tag":[],"brand":[],"target-group":[],"discontinued":[],"class_list":{"0":"post-1367655","1":"product","2":"type-product","3":"status-publish","5":"product_cat-picassotiles-leksaker","7":"first","8":"instock","9":"taxable","10":"shipping-taxable","11":"product-type-simple"},"aioseo_notices":[],"_links":{"self":[{"href":"https:\/\/games.tactic.net\/sv\/wp-json\/wp\/v2\/product\/1367655","targetHints":{"allow":["GET"]}}],"collection":[{"href":"https:\/\/games.tactic.net\/sv\/wp-json\/wp\/v2\/product"}],"about":[{"href":"https:\/\/games.tactic.net\/sv\/wp-json\/wp\/v2\/types\/product"}],"wp:attachment":[{"href":"https:\/\/games.tactic.net\/sv\/wp-json\/wp\/v2\/media?parent=1367655"}],"wp:term":[{"taxonomy":"product_brand","embeddable":true,"href":"https:\/\/games.tactic.net\/sv\/wp-json\/wp\/v2\/product_brand?post=1367655"},{"taxonomy":"product_cat","embeddable":true,"href":"https:\/\/games.tactic.net\/sv\/wp-json\/wp\/v2\/product_cat?post=1367655"},{"taxonomy":"product_tag","embeddable":true,"href":"https:\/\/games.tactic.net\/sv\/wp-json\/wp\/v2\/product_tag?post=1367655"},{"taxonomy":"brand","embeddable":true,"href":"https:\/\/games.tactic.net\/sv\/wp-json\/wp\/v2\/brand?post=1367655"},{"taxonomy":"target-group","embeddable":true,"href":"https:\/\/games.tactic.net\/sv\/wp-json\/wp\/v2\/target-group?post=1367655"},{"taxonomy":"discontinued","embeddable":true,"href":"https:\/\/games.tactic.net\/sv\/wp-json\/wp\/v2\/discontinued?post=1367655"}],"curies":[{"name":"wp","href":"https:\/\/api.w.org\/{rel}","templated":true}]}}