{"id":1367588,"date":"2025-07-07T11:07:38","date_gmt":"2025-07-07T08:07:38","guid":{"rendered":"https:\/\/games.tactic.net\/tuote\/bruder-mercedes-benz-arocs-cement-mixer-truck-toy\/"},"modified":"2025-07-07T11:07:38","modified_gmt":"2025-07-07T08:07:38","slug":"bruder-mercedes-benz-arocs-cement-mixer-truck-toy","status":"publish","type":"product","link":"https:\/\/games.tactic.net\/sv\/tuote\/bruder-mercedes-benz-arocs-cement-mixer-truck-toy\/","title":{"rendered":"Bruder Mercedes-Benz Arocs Cement mixer truck toy"},"content":{"rendered":"<p>Kraft, h\u00e5llbarhet och effektivitet \u00e4r ofta avg\u00f6rande faktorer under en arbetsdag p\u00e5 v\u00e4gar och byggarbetsplatser. Det \u00e4r d\u00e4rf\u00f6r den nya Mercedes-Benz Arocs har utvecklats speciellt f\u00f6r dessa behov. \u00c4ven designen har uppdaterats f\u00f6r att matcha dessa tekniska egenskaper. Till exempel \u00e4r kylargrillens framsida utformad i den typiska Arocs-stilen, som speglar dess enorma styrka. Med denna modell fokuserade vi s\u00e4rskilt p\u00e5 den h\u00e5llbarhet som k\u00e4nnetecknar BRUDER-produkter och utrustade hytten med en \u00f6ppningsbar d\u00f6rr s\u00e5 att BRUDER-lekfigurer kan komma in i fordonet. Lastbilens blandartrumma kan vridas med en handvev i den utf\u00e4llbara vattentanken (trumma med spiraltransport\u00f6r och blandare). Precis som originalet t\u00f6ms trumman genom att \u00e4ndra rotationsriktning. Spiralen inuti trumman transporterar lasten till utloppsr\u00e4nnan baktill. Tv\u00e5 avtagbara utloppsr\u00e4nnor ing\u00e5r.<\/p>\n","protected":false},"excerpt":{"rendered":"<p>Kraft, h\u00e5llbarhet och effektivitet \u00e4r ofta avg\u00f6rande faktorer under en arbetsdag p\u00e5 v\u00e4gar och byggarbetsplatser. Det \u00e4r d\u00e4rf\u00f6r den nya Mercedes-Benz Arocs har utvecklats speciellt f\u00f6r dessa behov.<\/p>\n","protected":false},"featured_media":0,"template":"","meta":{"content-type":"","_monsterinsights_skip_tracking":false,"_monsterinsights_sitenote_active":false,"_monsterinsights_sitenote_note":"","_monsterinsights_sitenote_category":0},"product_brand":[],"product_cat":[823],"product_tag":[],"brand":[],"target-group":[],"discontinued":[],"class_list":{"0":"post-1367588","1":"product","2":"type-product","3":"status-publish","5":"product_cat-bruder","7":"first","8":"outofstock","9":"taxable","10":"shipping-taxable","11":"product-type-simple"},"aioseo_notices":[],"_links":{"self":[{"href":"https:\/\/games.tactic.net\/sv\/wp-json\/wp\/v2\/product\/1367588","targetHints":{"allow":["GET"]}}],"collection":[{"href":"https:\/\/games.tactic.net\/sv\/wp-json\/wp\/v2\/product"}],"about":[{"href":"https:\/\/games.tactic.net\/sv\/wp-json\/wp\/v2\/types\/product"}],"wp:attachment":[{"href":"https:\/\/games.tactic.net\/sv\/wp-json\/wp\/v2\/media?parent=1367588"}],"wp:term":[{"taxonomy":"product_brand","embeddable":true,"href":"https:\/\/games.tactic.net\/sv\/wp-json\/wp\/v2\/product_brand?post=1367588"},{"taxonomy":"product_cat","embeddable":true,"href":"https:\/\/games.tactic.net\/sv\/wp-json\/wp\/v2\/product_cat?post=1367588"},{"taxonomy":"product_tag","embeddable":true,"href":"https:\/\/games.tactic.net\/sv\/wp-json\/wp\/v2\/product_tag?post=1367588"},{"taxonomy":"brand","embeddable":true,"href":"https:\/\/games.tactic.net\/sv\/wp-json\/wp\/v2\/brand?post=1367588"},{"taxonomy":"target-group","embeddable":true,"href":"https:\/\/games.tactic.net\/sv\/wp-json\/wp\/v2\/target-group?post=1367588"},{"taxonomy":"discontinued","embeddable":true,"href":"https:\/\/games.tactic.net\/sv\/wp-json\/wp\/v2\/discontinued?post=1367588"}],"curies":[{"name":"wp","href":"https:\/\/api.w.org\/{rel}","templated":true}]}}