{"id":1367120,"date":"2025-06-17T09:46:07","date_gmt":"2025-06-17T06:46:07","guid":{"rendered":"https:\/\/games.tactic.net\/tuote\/rita-och-gissa-original-se\/"},"modified":"2025-06-17T09:46:07","modified_gmt":"2025-06-17T06:46:07","slug":"rita-och-gissa-original-se","status":"publish","type":"product","link":"https:\/\/games.tactic.net\/sv\/tuote\/rita-och-gissa-original-se\/","title":{"rendered":"Tactic Rita och Gissa Original br\u00e4dspel"},"content":{"rendered":"<p>Rita och klura ut mystiska bilder! Kan du gissa vad spelaren ritar? Timglaset ger ett extra sp\u00e4nningsmoment n\u00e4r spelarna ska gissa s\u00e5 fort som m\u00f6jligt. Varje korrekt gissning leder dig n\u00e4rmare segern \u2013 spelaren eller laget f\u00f6rst i m\u00e5l vinner!<\/p>\n","protected":false},"excerpt":{"rendered":"<p>Rita och klura ut mystiska bilder! Kan du gissa vad spelaren ritar? Timglaset ger ett extra sp\u00e4nningsmoment n\u00e4r spelarna ska gissa s\u00e5 fort som m\u00f6jligt. Varje korrekt gissning leder dig n\u00e4rmare segern \u2013 spelaren eller laget f\u00f6rst i m\u00e5l vinner!<\/p>\n","protected":false},"featured_media":0,"template":"","meta":{"content-type":"","_monsterinsights_skip_tracking":false,"_monsterinsights_sitenote_active":false,"_monsterinsights_sitenote_note":"","_monsterinsights_sitenote_category":0},"product_brand":[],"product_cat":[1461,1540],"product_tag":[845],"brand":[],"target-group":[],"discontinued":[],"class_list":{"0":"post-1367120","1":"product","2":"type-product","3":"status-publish","5":"product_cat-bradspel","6":"product_cat-partyspel","7":"product_tag-tillsammans","9":"first","10":"instock","11":"taxable","12":"shipping-taxable","13":"product-type-simple"},"aioseo_notices":[],"_links":{"self":[{"href":"https:\/\/games.tactic.net\/sv\/wp-json\/wp\/v2\/product\/1367120","targetHints":{"allow":["GET"]}}],"collection":[{"href":"https:\/\/games.tactic.net\/sv\/wp-json\/wp\/v2\/product"}],"about":[{"href":"https:\/\/games.tactic.net\/sv\/wp-json\/wp\/v2\/types\/product"}],"wp:attachment":[{"href":"https:\/\/games.tactic.net\/sv\/wp-json\/wp\/v2\/media?parent=1367120"}],"wp:term":[{"taxonomy":"product_brand","embeddable":true,"href":"https:\/\/games.tactic.net\/sv\/wp-json\/wp\/v2\/product_brand?post=1367120"},{"taxonomy":"product_cat","embeddable":true,"href":"https:\/\/games.tactic.net\/sv\/wp-json\/wp\/v2\/product_cat?post=1367120"},{"taxonomy":"product_tag","embeddable":true,"href":"https:\/\/games.tactic.net\/sv\/wp-json\/wp\/v2\/product_tag?post=1367120"},{"taxonomy":"brand","embeddable":true,"href":"https:\/\/games.tactic.net\/sv\/wp-json\/wp\/v2\/brand?post=1367120"},{"taxonomy":"target-group","embeddable":true,"href":"https:\/\/games.tactic.net\/sv\/wp-json\/wp\/v2\/target-group?post=1367120"},{"taxonomy":"discontinued","embeddable":true,"href":"https:\/\/games.tactic.net\/sv\/wp-json\/wp\/v2\/discontinued?post=1367120"}],"curies":[{"name":"wp","href":"https:\/\/api.w.org\/{rel}","templated":true}]}}