{"id":1367114,"date":"2025-06-16T11:17:53","date_gmt":"2025-06-16T08:17:53","guid":{"rendered":"https:\/\/games.tactic.net\/tuote\/new-holland-t5-120\/"},"modified":"2025-06-16T11:17:53","modified_gmt":"2025-06-16T08:17:53","slug":"new-holland-t5-120","status":"publish","type":"product","link":"https:\/\/games.tactic.net\/sv\/tuote\/new-holland-t5-120\/","title":{"rendered":"New Holland T5.120"},"content":{"rendered":"<p>Den nya New Holland T5 har designats som en m\u00e5ngsidig allround-traktor f\u00f6r moderna g\u00e5rdar. Flera utrustningsvarianter, utm\u00e4rkt k\u00f6rkomfort och effektiv br\u00e4nslef\u00f6rbrukning g\u00f6r den till en p\u00e5litlig partner under alla f\u00f6rh\u00e5llanden. Denna kompakta men kraftfulla traktor \u00e4r det senaste tillskottet i BRUDERs omfattande traktorsortiment, som \u00e4r v\u00e4lk\u00e4nt f\u00f6r sina verklighetstrogna detaljer. Naturligtvis delar denna traktor ocks\u00e5 funktioner typiska f\u00f6r sina syskon, s\u00e5som den off-road framaxeln och den extra dragst\u00e5ngen. Denna traktor kan \u00e4ven kombineras med n\u00e4stan alla jordbruksredskap fr\u00e5n BRUDERs sortiment.<\/p>\n","protected":false},"excerpt":{"rendered":"<p>Den nya New Holland T5 har designats som en m\u00e5ngsidig allround-traktor f\u00f6r moderna g\u00e5rdar.<\/p>\n","protected":false},"featured_media":0,"template":"","meta":{"content-type":"","_monsterinsights_skip_tracking":false,"_monsterinsights_sitenote_active":false,"_monsterinsights_sitenote_note":"","_monsterinsights_sitenote_category":0},"product_brand":[],"product_cat":[823],"product_tag":[],"brand":[],"target-group":[],"discontinued":[],"class_list":{"0":"post-1367114","1":"product","2":"type-product","3":"status-publish","5":"product_cat-bruder","7":"first","8":"outofstock","9":"taxable","10":"shipping-taxable","11":"product-type-simple"},"aioseo_notices":[],"_links":{"self":[{"href":"https:\/\/games.tactic.net\/sv\/wp-json\/wp\/v2\/product\/1367114","targetHints":{"allow":["GET"]}}],"collection":[{"href":"https:\/\/games.tactic.net\/sv\/wp-json\/wp\/v2\/product"}],"about":[{"href":"https:\/\/games.tactic.net\/sv\/wp-json\/wp\/v2\/types\/product"}],"wp:attachment":[{"href":"https:\/\/games.tactic.net\/sv\/wp-json\/wp\/v2\/media?parent=1367114"}],"wp:term":[{"taxonomy":"product_brand","embeddable":true,"href":"https:\/\/games.tactic.net\/sv\/wp-json\/wp\/v2\/product_brand?post=1367114"},{"taxonomy":"product_cat","embeddable":true,"href":"https:\/\/games.tactic.net\/sv\/wp-json\/wp\/v2\/product_cat?post=1367114"},{"taxonomy":"product_tag","embeddable":true,"href":"https:\/\/games.tactic.net\/sv\/wp-json\/wp\/v2\/product_tag?post=1367114"},{"taxonomy":"brand","embeddable":true,"href":"https:\/\/games.tactic.net\/sv\/wp-json\/wp\/v2\/brand?post=1367114"},{"taxonomy":"target-group","embeddable":true,"href":"https:\/\/games.tactic.net\/sv\/wp-json\/wp\/v2\/target-group?post=1367114"},{"taxonomy":"discontinued","embeddable":true,"href":"https:\/\/games.tactic.net\/sv\/wp-json\/wp\/v2\/discontinued?post=1367114"}],"curies":[{"name":"wp","href":"https:\/\/api.w.org\/{rel}","templated":true}]}}