{"id":1367100,"date":"2025-06-13T16:10:50","date_gmt":"2025-06-13T13:10:50","guid":{"rendered":"https:\/\/games.tactic.net\/tuote\/tactic-hazzle-bradspel\/"},"modified":"2025-06-13T16:10:50","modified_gmt":"2025-06-13T13:10:50","slug":"tactic-hazzle-bradspel","status":"publish","type":"product","link":"https:\/\/games.tactic.net\/sv\/tuote\/tactic-hazzle-bradspel\/","title":{"rendered":"Tactic Hazzle br\u00e4dspel"},"content":{"rendered":"<p>Sl\u00e4ng dig in i det h\u00e4r fartfyllda spelet d\u00e4r snabbhet och skarpt fokus \u00e4r nyckeln. Sl\u00e5 p\u00e5 det r\u00e4tta kortet med din klubba och du har chans att vinna. V\u00e4nd p\u00e5 korten, hitta r\u00e4tt bilder s\u00e5 snabbt du kan och ta alla po\u00e4ng. G\u00f6r dig redo f\u00f6r ett roligt actionspel!<\/p>\n","protected":false},"excerpt":{"rendered":"<p>Sl\u00e4ng dig in i det h\u00e4r fartfyllda spelet d\u00e4r snabbhet och skarpt fokus \u00e4r nyckeln. Sl\u00e5 p\u00e5 det r\u00e4tta kortet med din klubba och du har chans att vinna. V\u00e4nd p\u00e5 korten, hitta r\u00e4tt bilder s\u00e5 snabbt du kan och ta alla po\u00e4ng. G\u00f6r dig redo f\u00f6r ett roligt actionspel!<\/p>\n","protected":false},"featured_media":0,"template":"","meta":{"content-type":"","_monsterinsights_skip_tracking":false,"_monsterinsights_sitenote_active":false,"_monsterinsights_sitenote_note":"","_monsterinsights_sitenote_category":0},"product_brand":[],"product_cat":[1461],"product_tag":[],"brand":[],"target-group":[],"discontinued":[],"class_list":{"0":"post-1367100","1":"product","2":"type-product","3":"status-publish","5":"product_cat-bradspel","7":"first","8":"instock","9":"taxable","10":"shipping-taxable","11":"product-type-simple"},"aioseo_notices":[],"_links":{"self":[{"href":"https:\/\/games.tactic.net\/sv\/wp-json\/wp\/v2\/product\/1367100","targetHints":{"allow":["GET"]}}],"collection":[{"href":"https:\/\/games.tactic.net\/sv\/wp-json\/wp\/v2\/product"}],"about":[{"href":"https:\/\/games.tactic.net\/sv\/wp-json\/wp\/v2\/types\/product"}],"wp:attachment":[{"href":"https:\/\/games.tactic.net\/sv\/wp-json\/wp\/v2\/media?parent=1367100"}],"wp:term":[{"taxonomy":"product_brand","embeddable":true,"href":"https:\/\/games.tactic.net\/sv\/wp-json\/wp\/v2\/product_brand?post=1367100"},{"taxonomy":"product_cat","embeddable":true,"href":"https:\/\/games.tactic.net\/sv\/wp-json\/wp\/v2\/product_cat?post=1367100"},{"taxonomy":"product_tag","embeddable":true,"href":"https:\/\/games.tactic.net\/sv\/wp-json\/wp\/v2\/product_tag?post=1367100"},{"taxonomy":"brand","embeddable":true,"href":"https:\/\/games.tactic.net\/sv\/wp-json\/wp\/v2\/brand?post=1367100"},{"taxonomy":"target-group","embeddable":true,"href":"https:\/\/games.tactic.net\/sv\/wp-json\/wp\/v2\/target-group?post=1367100"},{"taxonomy":"discontinued","embeddable":true,"href":"https:\/\/games.tactic.net\/sv\/wp-json\/wp\/v2\/discontinued?post=1367100"}],"curies":[{"name":"wp","href":"https:\/\/api.w.org\/{rel}","templated":true}]}}