{"id":1367098,"date":"2025-06-13T16:10:31","date_gmt":"2025-06-13T13:10:31","guid":{"rendered":"https:\/\/games.tactic.net\/tuote\/tactic-botanical-bliss-bradspel\/"},"modified":"2025-06-13T16:10:31","modified_gmt":"2025-06-13T13:10:31","slug":"tactic-botanical-bliss-bradspel","status":"publish","type":"product","link":"https:\/\/games.tactic.net\/sv\/tuote\/tactic-botanical-bliss-bradspel\/","title":{"rendered":"Tactic Botanical Bliss br\u00e4dspel"},"content":{"rendered":"<p>Blomstra mer \u00e4n de andra och vinn! Placera dina spelmarker p\u00e5 spelplanen f\u00f6r att skapa vackra m\u00f6nster. Beh\u00e4rska spelplanen med b\u00e5de elegans och skicklighet genom att fylla rutorna p\u00e5 ett smart s\u00e4tt. Du beh\u00f6ver en gnutta strategi och en nypa tur. Kommer du att blomstra \u2013 eller vissna?<\/p>\n","protected":false},"excerpt":{"rendered":"<p>Blomstra mer \u00e4n de andra och vinn! Placera dina spelmarker p\u00e5 spelplanen f\u00f6r att skapa vackra m\u00f6nster. Beh\u00e4rska spelplanen med b\u00e5de elegans och skicklighet genom att fylla rutorna p\u00e5 ett smart s\u00e4tt. Du beh\u00f6ver en gnutta strategi och en nypa tur. Kommer du att blomstra \u2013 eller vissna?<\/p>\n","protected":false},"featured_media":0,"template":"","meta":{"content-type":"","_monsterinsights_skip_tracking":false,"_monsterinsights_sitenote_active":false,"_monsterinsights_sitenote_note":"","_monsterinsights_sitenote_category":0},"product_brand":[],"product_cat":[772],"product_tag":[],"brand":[],"target-group":[],"discontinued":[],"class_list":{"0":"post-1367098","1":"product","2":"type-product","3":"status-publish","5":"product_cat-strategispel","7":"first","8":"instock","9":"taxable","10":"shipping-taxable","11":"product-type-simple"},"aioseo_notices":[],"_links":{"self":[{"href":"https:\/\/games.tactic.net\/sv\/wp-json\/wp\/v2\/product\/1367098","targetHints":{"allow":["GET"]}}],"collection":[{"href":"https:\/\/games.tactic.net\/sv\/wp-json\/wp\/v2\/product"}],"about":[{"href":"https:\/\/games.tactic.net\/sv\/wp-json\/wp\/v2\/types\/product"}],"wp:attachment":[{"href":"https:\/\/games.tactic.net\/sv\/wp-json\/wp\/v2\/media?parent=1367098"}],"wp:term":[{"taxonomy":"product_brand","embeddable":true,"href":"https:\/\/games.tactic.net\/sv\/wp-json\/wp\/v2\/product_brand?post=1367098"},{"taxonomy":"product_cat","embeddable":true,"href":"https:\/\/games.tactic.net\/sv\/wp-json\/wp\/v2\/product_cat?post=1367098"},{"taxonomy":"product_tag","embeddable":true,"href":"https:\/\/games.tactic.net\/sv\/wp-json\/wp\/v2\/product_tag?post=1367098"},{"taxonomy":"brand","embeddable":true,"href":"https:\/\/games.tactic.net\/sv\/wp-json\/wp\/v2\/brand?post=1367098"},{"taxonomy":"target-group","embeddable":true,"href":"https:\/\/games.tactic.net\/sv\/wp-json\/wp\/v2\/target-group?post=1367098"},{"taxonomy":"discontinued","embeddable":true,"href":"https:\/\/games.tactic.net\/sv\/wp-json\/wp\/v2\/discontinued?post=1367098"}],"curies":[{"name":"wp","href":"https:\/\/api.w.org\/{rel}","templated":true}]}}