{"id":1367092,"date":"2025-06-13T09:08:40","date_gmt":"2025-06-13T06:08:40","guid":{"rendered":"https:\/\/games.tactic.net\/tuote\/rita-och-gissa-junior-se\/"},"modified":"2025-06-13T09:08:40","modified_gmt":"2025-06-13T06:08:40","slug":"rita-och-gissa-junior-se","status":"publish","type":"product","link":"https:\/\/games.tactic.net\/sv\/tuote\/rita-och-gissa-junior-se\/","title":{"rendered":"Tactic Rita och Gissa junior"},"content":{"rendered":"<p>Klara, f\u00e4rdiga, rita! Rita och Gissa Junior \u00e4r en rolig barnversion av det popul\u00e4ra familjespelet Rita och Gissa. Turas om att rita ett ord och gissa vad det f\u00f6rest\u00e4ller. Spelet inneh\u00e5ller 600 ord att rita s\u00e5 det \u00e4r fullt av utmaningar f\u00f6r den erfarne tecknaren samtidigt som spelet erbjuder enklare, illustrerade alternativ f\u00f6r de allra yngsta. Spelet kan ocks\u00e5 spelas i lag.<\/p>\n","protected":false},"excerpt":{"rendered":"<p>Klara, f\u00e4rdiga, rita! Turas om att rita ett ord och gissa vad det f\u00f6rest\u00e4ller. Inneh\u00e5ller 600 ord att rita s\u00e5 det \u00e4r fullt av utmaningar f\u00f6r den erfarne tecknaren samtidigt som spelet erbjuder illustrerade alternativ f\u00f6r de allra yngsta.<\/p>\n","protected":false},"featured_media":0,"template":"","meta":{"content-type":"","_monsterinsights_skip_tracking":false,"_monsterinsights_sitenote_active":false,"_monsterinsights_sitenote_note":"","_monsterinsights_sitenote_category":0},"product_brand":[],"product_cat":[303],"product_tag":[845],"brand":[],"target-group":[],"discontinued":[],"class_list":{"0":"post-1367092","1":"product","2":"type-product","3":"status-publish","5":"product_cat-barnspel","6":"product_tag-tillsammans","8":"first","9":"instock","10":"taxable","11":"shipping-taxable","12":"product-type-simple"},"aioseo_notices":[],"_links":{"self":[{"href":"https:\/\/games.tactic.net\/sv\/wp-json\/wp\/v2\/product\/1367092","targetHints":{"allow":["GET"]}}],"collection":[{"href":"https:\/\/games.tactic.net\/sv\/wp-json\/wp\/v2\/product"}],"about":[{"href":"https:\/\/games.tactic.net\/sv\/wp-json\/wp\/v2\/types\/product"}],"wp:attachment":[{"href":"https:\/\/games.tactic.net\/sv\/wp-json\/wp\/v2\/media?parent=1367092"}],"wp:term":[{"taxonomy":"product_brand","embeddable":true,"href":"https:\/\/games.tactic.net\/sv\/wp-json\/wp\/v2\/product_brand?post=1367092"},{"taxonomy":"product_cat","embeddable":true,"href":"https:\/\/games.tactic.net\/sv\/wp-json\/wp\/v2\/product_cat?post=1367092"},{"taxonomy":"product_tag","embeddable":true,"href":"https:\/\/games.tactic.net\/sv\/wp-json\/wp\/v2\/product_tag?post=1367092"},{"taxonomy":"brand","embeddable":true,"href":"https:\/\/games.tactic.net\/sv\/wp-json\/wp\/v2\/brand?post=1367092"},{"taxonomy":"target-group","embeddable":true,"href":"https:\/\/games.tactic.net\/sv\/wp-json\/wp\/v2\/target-group?post=1367092"},{"taxonomy":"discontinued","embeddable":true,"href":"https:\/\/games.tactic.net\/sv\/wp-json\/wp\/v2\/discontinued?post=1367092"}],"curies":[{"name":"wp","href":"https:\/\/api.w.org\/{rel}","templated":true}]}}