{"id":1366934,"date":"2025-05-20T17:07:48","date_gmt":"2025-05-20T14:07:48","guid":{"rendered":"https:\/\/games.tactic.net\/tuote\/bruder-man-tga-cement-mixer-with-helmet\/"},"modified":"2025-05-20T17:07:48","modified_gmt":"2025-05-20T14:07:48","slug":"bruder-man-tga-cement-mixer-with-helmet","status":"publish","type":"product","link":"https:\/\/games.tactic.net\/sv\/tuote\/bruder-man-tga-cement-mixer-with-helmet\/","title":{"rendered":"Bruder MAN TGA cement mixer with helmet"},"content":{"rendered":"<p>Ta leken till n\u00e4sta niv\u00e5 med Bruder Special Edition som kombinerar en realistisk MAN TGA-betongbil i skala 1:16 med en snygg bygghj\u00e4lm i barnstorlek. Den h\u00e4r leksaken erbjuder autentiska byggupplevelser och uppmuntrar till kreativ och l\u00e4rorik lek.<\/p>\n<p>Funktioner:<\/p>\n<p>Tippbar hytt f\u00f6r att se motorn.<\/p>\n<p>Roterande betongtrumma via handvev.<\/p>\n<p>Avtagbar skopa och tv\u00e5 anslutningsbara r\u00e4nnor.<\/p>\n<p>Mjuka gummid\u00e4ck och stege f\u00f6r bworld-figur.<\/p>\n","protected":false},"excerpt":{"rendered":"<p>MAN TGA-betongbil  med en bygghj\u00e4lm f\u00f6r barn<\/p>\n","protected":false},"featured_media":0,"template":"","meta":{"content-type":"","_monsterinsights_skip_tracking":false,"_monsterinsights_sitenote_active":false,"_monsterinsights_sitenote_note":"","_monsterinsights_sitenote_category":0},"product_brand":[],"product_cat":[823],"product_tag":[],"brand":[],"target-group":[],"discontinued":[],"class_list":{"0":"post-1366934","1":"product","2":"type-product","3":"status-publish","5":"product_cat-bruder","7":"first","8":"outofstock","9":"taxable","10":"shipping-taxable","11":"product-type-simple"},"aioseo_notices":[],"_links":{"self":[{"href":"https:\/\/games.tactic.net\/sv\/wp-json\/wp\/v2\/product\/1366934","targetHints":{"allow":["GET"]}}],"collection":[{"href":"https:\/\/games.tactic.net\/sv\/wp-json\/wp\/v2\/product"}],"about":[{"href":"https:\/\/games.tactic.net\/sv\/wp-json\/wp\/v2\/types\/product"}],"wp:attachment":[{"href":"https:\/\/games.tactic.net\/sv\/wp-json\/wp\/v2\/media?parent=1366934"}],"wp:term":[{"taxonomy":"product_brand","embeddable":true,"href":"https:\/\/games.tactic.net\/sv\/wp-json\/wp\/v2\/product_brand?post=1366934"},{"taxonomy":"product_cat","embeddable":true,"href":"https:\/\/games.tactic.net\/sv\/wp-json\/wp\/v2\/product_cat?post=1366934"},{"taxonomy":"product_tag","embeddable":true,"href":"https:\/\/games.tactic.net\/sv\/wp-json\/wp\/v2\/product_tag?post=1366934"},{"taxonomy":"brand","embeddable":true,"href":"https:\/\/games.tactic.net\/sv\/wp-json\/wp\/v2\/brand?post=1366934"},{"taxonomy":"target-group","embeddable":true,"href":"https:\/\/games.tactic.net\/sv\/wp-json\/wp\/v2\/target-group?post=1366934"},{"taxonomy":"discontinued","embeddable":true,"href":"https:\/\/games.tactic.net\/sv\/wp-json\/wp\/v2\/discontinued?post=1366934"}],"curies":[{"name":"wp","href":"https:\/\/api.w.org\/{rel}","templated":true}]}}