{"id":1366932,"date":"2025-05-20T17:07:39","date_gmt":"2025-05-20T14:07:39","guid":{"rendered":"https:\/\/games.tactic.net\/tuote\/fendt-favorit-926-vario-traktor-med-frontlastare-och-tippvagn\/"},"modified":"2025-05-20T17:07:39","modified_gmt":"2025-05-20T14:07:39","slug":"fendt-favorit-926-vario-traktor-med-frontlastare-och-tippvagn","status":"publish","type":"product","link":"https:\/\/games.tactic.net\/sv\/tuote\/fendt-favorit-926-vario-traktor-med-frontlastare-och-tippvagn\/","title":{"rendered":"Fendt Favorit 926 Vario traktor med frontlastare och tippvagn"},"content":{"rendered":"<p>Bruder Fendt Favorit 926 Vario-traktor kombinerar funktionalitet och realistisk design f\u00f6r att ge barn en autentisk bondg\u00e5rdsupplevelse. Denna specialutg\u00e5va inneh\u00e5ller en fullt fungerande frontlastare och en tippvagn med automatisk bakv\u00e4gg.<\/p>\n<p>Egenskaper:<\/p>\n<p>Avtagbar frontlastare.<\/p>\n<p>Pendlande framaxel f\u00f6r exakt styrning.<\/p>\n<p>\u00d6ppningsbar motorhuv f\u00f6r detaljerad insyn.<\/p>\n<p>Tippvagn med bakv\u00e4gg som \u00f6ppnas automatiskt.<\/p>\n<p>Kippbar lastyta och vikbar st\u00f6dben.<\/p>\n<p>Kompatibel med Bruder bworld-figurer.<\/p>\n","protected":false},"excerpt":{"rendered":"<p>Bruder Fendt Favorit 926 Vario traktor med frontlastare och tippvagn.<\/p>\n","protected":false},"featured_media":0,"template":"","meta":{"content-type":"","_monsterinsights_skip_tracking":false,"_monsterinsights_sitenote_active":false,"_monsterinsights_sitenote_note":"","_monsterinsights_sitenote_category":0},"product_brand":[],"product_cat":[823],"product_tag":[],"brand":[],"target-group":[],"discontinued":[],"class_list":{"0":"post-1366932","1":"product","2":"type-product","3":"status-publish","5":"product_cat-bruder","7":"first","8":"instock","9":"taxable","10":"shipping-taxable","11":"product-type-simple"},"aioseo_notices":[],"_links":{"self":[{"href":"https:\/\/games.tactic.net\/sv\/wp-json\/wp\/v2\/product\/1366932","targetHints":{"allow":["GET"]}}],"collection":[{"href":"https:\/\/games.tactic.net\/sv\/wp-json\/wp\/v2\/product"}],"about":[{"href":"https:\/\/games.tactic.net\/sv\/wp-json\/wp\/v2\/types\/product"}],"wp:attachment":[{"href":"https:\/\/games.tactic.net\/sv\/wp-json\/wp\/v2\/media?parent=1366932"}],"wp:term":[{"taxonomy":"product_brand","embeddable":true,"href":"https:\/\/games.tactic.net\/sv\/wp-json\/wp\/v2\/product_brand?post=1366932"},{"taxonomy":"product_cat","embeddable":true,"href":"https:\/\/games.tactic.net\/sv\/wp-json\/wp\/v2\/product_cat?post=1366932"},{"taxonomy":"product_tag","embeddable":true,"href":"https:\/\/games.tactic.net\/sv\/wp-json\/wp\/v2\/product_tag?post=1366932"},{"taxonomy":"brand","embeddable":true,"href":"https:\/\/games.tactic.net\/sv\/wp-json\/wp\/v2\/brand?post=1366932"},{"taxonomy":"target-group","embeddable":true,"href":"https:\/\/games.tactic.net\/sv\/wp-json\/wp\/v2\/target-group?post=1366932"},{"taxonomy":"discontinued","embeddable":true,"href":"https:\/\/games.tactic.net\/sv\/wp-json\/wp\/v2\/discontinued?post=1366932"}],"curies":[{"name":"wp","href":"https:\/\/api.w.org\/{rel}","templated":true}]}}