{"id":1366930,"date":"2025-05-20T17:07:28","date_gmt":"2025-05-20T14:07:28","guid":{"rendered":"https:\/\/games.tactic.net\/tuote\/bruder-man-tga-low-loader-truck-with-cat-mini-excavator-toy\/"},"modified":"2025-07-17T12:24:54","modified_gmt":"2025-07-17T09:24:54","slug":"bruder-man-tga-low-loader-truck-with-cat-mini-excavator-toy","status":"publish","type":"product","link":"https:\/\/games.tactic.net\/sv\/tuote\/bruder-man-tga-low-loader-truck-with-cat-mini-excavator-toy\/","title":{"rendered":"Bruder MAN TGA Low loader truck with Cat Mini excavator toy"},"content":{"rendered":"<p>Ta bygglekarna till n\u00e4sta niv\u00e5 med Bruders specialutg\u00e5va som kombinerar en MAN TGA-lastbil med l\u00e5g lastbil och en CAT-minigr\u00e4vare. Detta set i skala 1:16 erbjuder realistisk bygglekar f\u00f6r barn.<\/p>\n<p>Egenskaper:<\/p>\n<p>Tippbart hytt f\u00f6r att se motorn.<\/p>\n<p>Vridbar hytt och \u00f6ppningsbar motorhuv.<\/p>\n<p>Fungerande tippflak och vikbart st\u00f6dben.<\/p>\n<p>Fullt fungerande l\u00e5g lastkoppeling och vikbara rampstegar.<\/p>\n<p>CAT-minigr\u00e4vare med r\u00f6rlig skopa och vridbar chassi.<\/p>\n<p>Kompatibel med Bruder bworld-figurer.<\/p>\n","protected":false},"excerpt":{"rendered":"<p>MAN TGA l\u00e5g lastbil och en CAT-minigr\u00e4vare.<\/p>\n","protected":false},"featured_media":542737,"template":"","meta":{"content-type":"","_monsterinsights_skip_tracking":false,"_monsterinsights_sitenote_active":false,"_monsterinsights_sitenote_note":"","_monsterinsights_sitenote_category":0},"product_brand":[],"product_cat":[823],"product_tag":[],"brand":[],"target-group":[],"discontinued":[],"class_list":{"0":"post-1366930","1":"product","2":"type-product","3":"status-publish","4":"has-post-thumbnail","6":"product_cat-bruder","8":"first","9":"instock","10":"taxable","11":"shipping-taxable","12":"product-type-simple"},"aioseo_notices":[],"_links":{"self":[{"href":"https:\/\/games.tactic.net\/sv\/wp-json\/wp\/v2\/product\/1366930","targetHints":{"allow":["GET"]}}],"collection":[{"href":"https:\/\/games.tactic.net\/sv\/wp-json\/wp\/v2\/product"}],"about":[{"href":"https:\/\/games.tactic.net\/sv\/wp-json\/wp\/v2\/types\/product"}],"wp:featuredmedia":[{"embeddable":true,"href":"https:\/\/games.tactic.net\/sv\/wp-json\/wp\/v2\/media\/542737"}],"wp:attachment":[{"href":"https:\/\/games.tactic.net\/sv\/wp-json\/wp\/v2\/media?parent=1366930"}],"wp:term":[{"taxonomy":"product_brand","embeddable":true,"href":"https:\/\/games.tactic.net\/sv\/wp-json\/wp\/v2\/product_brand?post=1366930"},{"taxonomy":"product_cat","embeddable":true,"href":"https:\/\/games.tactic.net\/sv\/wp-json\/wp\/v2\/product_cat?post=1366930"},{"taxonomy":"product_tag","embeddable":true,"href":"https:\/\/games.tactic.net\/sv\/wp-json\/wp\/v2\/product_tag?post=1366930"},{"taxonomy":"brand","embeddable":true,"href":"https:\/\/games.tactic.net\/sv\/wp-json\/wp\/v2\/brand?post=1366930"},{"taxonomy":"target-group","embeddable":true,"href":"https:\/\/games.tactic.net\/sv\/wp-json\/wp\/v2\/target-group?post=1366930"},{"taxonomy":"discontinued","embeddable":true,"href":"https:\/\/games.tactic.net\/sv\/wp-json\/wp\/v2\/discontinued?post=1366930"}],"curies":[{"name":"wp","href":"https:\/\/api.w.org\/{rel}","templated":true}]}}