{"id":1366907,"date":"2025-05-16T14:16:19","date_gmt":"2025-05-16T11:16:19","guid":{"rendered":"https:\/\/games.tactic.net\/tuote\/tactic-snarf-bradspel\/"},"modified":"2025-05-16T14:16:19","modified_gmt":"2025-05-16T11:16:19","slug":"tactic-snarf-bradspel","status":"publish","type":"product","link":"https:\/\/games.tactic.net\/sv\/tuote\/tactic-snarf-bradspel\/","title":{"rendered":"Tactic Snarf br\u00e4dspel"},"content":{"rendered":"<p>T\u00e4vla om titeln B\u00e4sta godisbutiken i stan, men se upp f\u00f6r grisen som bjuder p\u00e5 \u00f6verraskningar och skapar v\u00e4rsta kaoset. Spela strategiskt, bunkra butikerna innan dina motspelare g\u00f6r det och anv\u00e4nd specialkort f\u00f6r att styra grisen. Den spelare som f\u00f6rst blir av med sina kort vinner!<\/p>\n","protected":false},"excerpt":{"rendered":"<p>T\u00e4vla om titeln B\u00e4sta godisbutiken i stan, men se upp f\u00f6r grisen som bjuder p\u00e5 \u00f6verraskningar och skapar v\u00e4rsta kaoset. Spela strategiskt, bunkra butikerna innan dina motspelare g\u00f6r det och anv\u00e4nd specialkort f\u00f6r att styra grisen. Den spelare som f\u00f6rst blir av med sina kort vinner!<\/p>\n","protected":false},"featured_media":0,"template":"","meta":{"content-type":"","_monsterinsights_skip_tracking":false,"_monsterinsights_sitenote_active":false,"_monsterinsights_sitenote_note":"","_monsterinsights_sitenote_category":0},"product_brand":[],"product_cat":[1461,1462,1541],"product_tag":[1227,959,845],"brand":[{"id":599,"name":"Alias","slug":"alias_se"}],"target-group":[],"discontinued":[],"class_list":{"0":"post-1366907","1":"product","2":"type-product","3":"status-publish","5":"product_cat-bradspel","6":"product_cat-bradspel-barnspel","7":"product_cat-party-spel-vuxenspel","8":"product_tag-kreativitet-sv","9":"product_tag-ordforklaring","10":"product_tag-tillsammans","11":"brand-alias_se","13":"first","14":"instock","15":"taxable","16":"shipping-taxable","17":"product-type-simple"},"aioseo_notices":[],"_links":{"self":[{"href":"https:\/\/games.tactic.net\/sv\/wp-json\/wp\/v2\/product\/1366907","targetHints":{"allow":["GET"]}}],"collection":[{"href":"https:\/\/games.tactic.net\/sv\/wp-json\/wp\/v2\/product"}],"about":[{"href":"https:\/\/games.tactic.net\/sv\/wp-json\/wp\/v2\/types\/product"}],"wp:attachment":[{"href":"https:\/\/games.tactic.net\/sv\/wp-json\/wp\/v2\/media?parent=1366907"}],"wp:term":[{"taxonomy":"product_brand","embeddable":true,"href":"https:\/\/games.tactic.net\/sv\/wp-json\/wp\/v2\/product_brand?post=1366907"},{"taxonomy":"product_cat","embeddable":true,"href":"https:\/\/games.tactic.net\/sv\/wp-json\/wp\/v2\/product_cat?post=1366907"},{"taxonomy":"product_tag","embeddable":true,"href":"https:\/\/games.tactic.net\/sv\/wp-json\/wp\/v2\/product_tag?post=1366907"},{"taxonomy":"brand","embeddable":true,"href":"https:\/\/games.tactic.net\/sv\/wp-json\/wp\/v2\/brand?post=1366907"},{"taxonomy":"target-group","embeddable":true,"href":"https:\/\/games.tactic.net\/sv\/wp-json\/wp\/v2\/target-group?post=1366907"},{"taxonomy":"discontinued","embeddable":true,"href":"https:\/\/games.tactic.net\/sv\/wp-json\/wp\/v2\/discontinued?post=1366907"}],"curies":[{"name":"wp","href":"https:\/\/api.w.org\/{rel}","templated":true}]}}