{"id":1366888,"date":"2025-05-09T09:10:30","date_gmt":"2025-05-09T06:10:30","guid":{"rendered":"https:\/\/games.tactic.net\/tuote\/picassotiles-farm-26pcs-magnetic-set-with-8-figures\/"},"modified":"2025-05-09T09:10:30","modified_gmt":"2025-05-09T06:10:30","slug":"picassotiles-farm-26pcs-magnetic-set-with-8-figures","status":"publish","type":"product","link":"https:\/\/games.tactic.net\/sv\/tuote\/picassotiles-farm-26pcs-magnetic-set-with-8-figures\/","title":{"rendered":"PicassoTiles Farm 26pcs magnetic set with 8 figures"},"content":{"rendered":"<p>Uppt\u00e4ck 18 hantverksm\u00e4ssigt tryckta magnetplattor med h\u00f6sttema och 8 h\u00e4rliga magnetiska g\u00e5rdsdjur, inklusive en kanin, anka, papegoja, groda, enh\u00f6rning, katt, ko och hund. Integrera enkelt detta set med andra PicassoTiles magnetiska byggblock, vilket g\u00f6r det m\u00f6jligt f\u00f6r ditt barn att skapa och ber\u00e4tta historier medan de f\u00f6rdjupar sig i g\u00e5rdslivet under h\u00f6sts\u00e4songen. Denna leksak f\u00f6rb\u00e4ttrar naturligt finmotorik, bilateral koordinering och kognitiva f\u00f6rm\u00e5gor n\u00e4r barnen experimenterar med magnetiserade plattor genom ber\u00e4ttande. L\u00e4mplig f\u00f6r \u00e5ldrar 3 till vuxen.<\/p>\n<p>Immersiv STEM-l\u00e4randeupplevelse: PicassoTiles magnetiska plattleksaker engagerar unga sinnen genom praktisk utforskning och interaktiva lektioner inom naturvetenskap, teknik, ingenj\u00f6rskonst och matematik (STEM). Genom att fr\u00e4mja viktiga f\u00e4rdigheter som \u00f6ga-hand-koordination, probleml\u00f6sning och rumslig medvetenhet, blir l\u00e4randet b\u00e5de roligt och givande.<\/p>\n<p>Lek och l\u00e4r: PicassoTiles magnetiska byggleksaker omvandlar l\u00e4rande till ett \u00e4ventyr, inspirerar till fantasifulla rollekar, probleml\u00f6sning och oavbruten rolig lek n\u00e4r barnen utforskar de tidiga STEM-l\u00e4randets underverk.<\/p>\n<p>BPA-fritt och giftfritt: S\u00e4kerheten \u00e4r v\u00e5r h\u00f6gsta prioritet. V\u00e5ra PicassoTiles-leksaker \u00e4r BPA-fria och giftfria, vilket skapar en trygg milj\u00f6 f\u00f6r ditt barns lek. Varje magnetplatta \u00e4r noggrant utformad med sl\u00e4ta kanter f\u00f6r att f\u00f6rb\u00e4ttra skyddet mot eventuella sk\u00e4rs\u00e5r eller st\u00f6tar. Med oss garanterar du inte bara rolig underh\u00e5llning, utan ocks\u00e5 sinnesro eftersom du vet att ditt barns utforskning \u00e4r skyddad fr\u00e5n skadliga \u00e4mnen.<\/p>\n","protected":false},"excerpt":{"rendered":"<p>Uppt\u00e4ck 18 hantverksm\u00e4ssigt tryckta magnetplattor med h\u00f6sttema och 8 h\u00e4rliga magnetiska g\u00e5rdsdjur, inklusive en kanin, anka, papegoja, groda, enh\u00f6rning, katt, ko och hund.<\/p>\n","protected":false},"featured_media":0,"template":"","meta":{"content-type":"","_monsterinsights_skip_tracking":false,"_monsterinsights_sitenote_active":false,"_monsterinsights_sitenote_note":"","_monsterinsights_sitenote_category":0},"product_brand":[],"product_cat":[2292],"product_tag":[],"brand":[],"target-group":[],"discontinued":[],"class_list":{"0":"post-1366888","1":"product","2":"type-product","3":"status-publish","5":"product_cat-picassotiles-leksaker","7":"first","8":"instock","9":"taxable","10":"shipping-taxable","11":"product-type-simple"},"aioseo_notices":[],"_links":{"self":[{"href":"https:\/\/games.tactic.net\/sv\/wp-json\/wp\/v2\/product\/1366888","targetHints":{"allow":["GET"]}}],"collection":[{"href":"https:\/\/games.tactic.net\/sv\/wp-json\/wp\/v2\/product"}],"about":[{"href":"https:\/\/games.tactic.net\/sv\/wp-json\/wp\/v2\/types\/product"}],"wp:attachment":[{"href":"https:\/\/games.tactic.net\/sv\/wp-json\/wp\/v2\/media?parent=1366888"}],"wp:term":[{"taxonomy":"product_brand","embeddable":true,"href":"https:\/\/games.tactic.net\/sv\/wp-json\/wp\/v2\/product_brand?post=1366888"},{"taxonomy":"product_cat","embeddable":true,"href":"https:\/\/games.tactic.net\/sv\/wp-json\/wp\/v2\/product_cat?post=1366888"},{"taxonomy":"product_tag","embeddable":true,"href":"https:\/\/games.tactic.net\/sv\/wp-json\/wp\/v2\/product_tag?post=1366888"},{"taxonomy":"brand","embeddable":true,"href":"https:\/\/games.tactic.net\/sv\/wp-json\/wp\/v2\/brand?post=1366888"},{"taxonomy":"target-group","embeddable":true,"href":"https:\/\/games.tactic.net\/sv\/wp-json\/wp\/v2\/target-group?post=1366888"},{"taxonomy":"discontinued","embeddable":true,"href":"https:\/\/games.tactic.net\/sv\/wp-json\/wp\/v2\/discontinued?post=1366888"}],"curies":[{"name":"wp","href":"https:\/\/api.w.org\/{rel}","templated":true}]}}