{"id":1366887,"date":"2025-05-09T09:10:20","date_gmt":"2025-05-09T06:10:20","guid":{"rendered":"https:\/\/games.tactic.net\/tuote\/picassotiles-safari-46pcs-magnetic-set-with-8-figures\/"},"modified":"2025-05-09T09:10:20","modified_gmt":"2025-05-09T06:10:20","slug":"picassotiles-safari-46pcs-magnetic-set-with-8-figures","status":"publish","type":"product","link":"https:\/\/games.tactic.net\/sv\/tuote\/picassotiles-safari-46pcs-magnetic-set-with-8-figures\/","title":{"rendered":"PicassoTiles Safari 46pcs magnetic set with 8 figures"},"content":{"rendered":"<p>Ge dig ut p\u00e5 ett vilt \u00e4ventyr i naturens hj\u00e4rta med v\u00e5rt safariinspirerade magnetplattset som v\u00e4cker kreativitet och fantasi i varje \u00f6gonblick! Tack vare de magnetiska djurplattorna kan din lilla uppt\u00e4cktsresande f\u00f6rverkliga sina safaridr\u00f6mmar.<\/p>\n<p>STEM-l\u00e4rande: PicassoTiles magnetleksaker erbjuder unga sinnen praktisk utforskning och interaktiva lektioner inom naturvetenskap, teknik, ingenj\u00f6rskonst och matematik (STEM). Genom att fr\u00e4mja viktiga f\u00e4rdigheter som \u00f6ga-hand-koordination, probleml\u00f6sning och rumslig medvetenhet blir l\u00e4randet b\u00e5de roligt och utvecklande.<\/p>\n<p>Lek och l\u00e4r: PicassoTiles magnetiska byggleksaker f\u00f6rvandlar l\u00e4rande till ett \u00e4ventyr, och inspirerar till fantasifulla rollekar, probleml\u00f6sning och o\u00e4ndlig leklust n\u00e4r barnen uppt\u00e4cker STEM-l\u00e4randets magi i ett tidigt skede.<\/p>\n<p>BPA-fritt och giftfritt: S\u00e4kerheten \u00e4r v\u00e5r h\u00f6gsta prioritet. V\u00e5ra PicassoTiles-leksaker \u00e4r BPA-fria och giftfria, vilket skapar en trygg milj\u00f6 f\u00f6r ditt barns lek. Varje magnetplatta \u00e4r noggrant utformad med sl\u00e4ta kanter f\u00f6r att minimera risken f\u00f6r repor eller st\u00f6tar. Med oss f\u00e5r du inte bara rolig lek, utan ocks\u00e5 sinnesro \u2013 ditt barns utforskande \u00e4r skyddat fr\u00e5n skadliga \u00e4mnen.<\/p>\n<p>F\u00f6rpackningen inneh\u00e5ller:<\/p>\n<p>18 trianglar (olika former)<\/p>\n<p>18 fyrkanter (2 med \u00f6ppna f\u00f6nster)<\/p>\n<p>2 likbenta trapetser<\/p>\n<p>8 djurfigurer (pigsvin, tiger, \u00f6rn, alligator, elefant, giraff, lejon och zebra)<\/p>\n","protected":false},"excerpt":{"rendered":"<p>Ge dig ut p\u00e5 ett vilt \u00e4ventyr i naturens hj\u00e4rta med v\u00e5rt safariinspirerade magnetplattset som v\u00e4cker kreativitet och fantasi i varje \u00f6gonblick! Tack vare de magnetiska djurplattorna kan din lilla uppt\u00e4cktsresande f\u00f6rverkliga sina safaridr\u00f6mmar. Med trianglar, fyrkanter, f\u00f6nster och 8 figurer.<\/p>\n","protected":false},"featured_media":0,"template":"","meta":{"content-type":"","_monsterinsights_skip_tracking":false,"_monsterinsights_sitenote_active":false,"_monsterinsights_sitenote_note":"","_monsterinsights_sitenote_category":0},"product_brand":[],"product_cat":[2292],"product_tag":[],"brand":[],"target-group":[],"discontinued":[],"class_list":{"0":"post-1366887","1":"product","2":"type-product","3":"status-publish","5":"product_cat-picassotiles-leksaker","7":"first","8":"instock","9":"taxable","10":"shipping-taxable","11":"product-type-simple"},"aioseo_notices":[],"_links":{"self":[{"href":"https:\/\/games.tactic.net\/sv\/wp-json\/wp\/v2\/product\/1366887","targetHints":{"allow":["GET"]}}],"collection":[{"href":"https:\/\/games.tactic.net\/sv\/wp-json\/wp\/v2\/product"}],"about":[{"href":"https:\/\/games.tactic.net\/sv\/wp-json\/wp\/v2\/types\/product"}],"wp:attachment":[{"href":"https:\/\/games.tactic.net\/sv\/wp-json\/wp\/v2\/media?parent=1366887"}],"wp:term":[{"taxonomy":"product_brand","embeddable":true,"href":"https:\/\/games.tactic.net\/sv\/wp-json\/wp\/v2\/product_brand?post=1366887"},{"taxonomy":"product_cat","embeddable":true,"href":"https:\/\/games.tactic.net\/sv\/wp-json\/wp\/v2\/product_cat?post=1366887"},{"taxonomy":"product_tag","embeddable":true,"href":"https:\/\/games.tactic.net\/sv\/wp-json\/wp\/v2\/product_tag?post=1366887"},{"taxonomy":"brand","embeddable":true,"href":"https:\/\/games.tactic.net\/sv\/wp-json\/wp\/v2\/brand?post=1366887"},{"taxonomy":"target-group","embeddable":true,"href":"https:\/\/games.tactic.net\/sv\/wp-json\/wp\/v2\/target-group?post=1366887"},{"taxonomy":"discontinued","embeddable":true,"href":"https:\/\/games.tactic.net\/sv\/wp-json\/wp\/v2\/discontinued?post=1366887"}],"curies":[{"name":"wp","href":"https:\/\/api.w.org\/{rel}","templated":true}]}}