{"id":1366886,"date":"2025-05-09T09:10:07","date_gmt":"2025-05-09T06:10:07","guid":{"rendered":"https:\/\/games.tactic.net\/tuote\/lumo-stars-cat-whiskers-classic-plush\/"},"modified":"2025-05-09T09:10:07","modified_gmt":"2025-05-09T06:10:07","slug":"lumo-stars-cat-whiskers-classic-plush","status":"publish","type":"product","link":"https:\/\/games.tactic.net\/sv\/tuote\/lumo-stars-cat-whiskers-classic-plush\/","title":{"rendered":"Lumo Stars Cat Whiskers classic plush"},"content":{"rendered":"<p>Katten Whiskers \u00e4r charm och grace. Kl\u00e4dd i en mjuk, pastellf\u00e4rgad p\u00e4ls som speglar v\u00e5rblommor, har hon en nyfiken blick och en stilfull svans. Whiskers&#8217; tassar \u00e4r gjorda f\u00f6r tyst d\u00e4mpning runt ditt hem, vilket g\u00f6r henne till en mystisk men k\u00e4rleksfull v\u00e4n som \u00e4lskar att kura ihop sig i mysiga h\u00f6rn.<\/p>\n","protected":false},"excerpt":{"rendered":"<p>Katten Whiskers \u00e4r charm och grace. Kl\u00e4dd i en mjuk, pastellf\u00e4rgad p\u00e4ls som speglar v\u00e5rblommor, har hon en nyfiken blick och en stilfull svans. Whiskers&#8217; tassar \u00e4r gjorda f\u00f6r tyst d\u00e4mpning runt ditt hem, vilket g\u00f6r henne till en mystisk men k\u00e4rleksfull v\u00e4n som \u00e4lskar att kura ihop sig i mysiga h\u00f6rn.<\/p>\n","protected":false},"featured_media":0,"template":"","meta":{"content-type":"","_monsterinsights_skip_tracking":false,"_monsterinsights_sitenote_active":false,"_monsterinsights_sitenote_note":"","_monsterinsights_sitenote_category":0},"product_brand":[],"product_cat":[1564],"product_tag":[],"brand":[{"id":1018,"name":"Lumo Stars","slug":"lumo-stars-13"}],"target-group":[],"discontinued":[],"class_list":{"0":"post-1366886","1":"product","2":"type-product","3":"status-publish","5":"product_cat-classic-gosedjur-lumo-stars-5","6":"brand-lumo-stars-13","8":"first","9":"instock","10":"taxable","11":"shipping-taxable","12":"product-type-simple"},"aioseo_notices":[],"_links":{"self":[{"href":"https:\/\/games.tactic.net\/sv\/wp-json\/wp\/v2\/product\/1366886","targetHints":{"allow":["GET"]}}],"collection":[{"href":"https:\/\/games.tactic.net\/sv\/wp-json\/wp\/v2\/product"}],"about":[{"href":"https:\/\/games.tactic.net\/sv\/wp-json\/wp\/v2\/types\/product"}],"wp:attachment":[{"href":"https:\/\/games.tactic.net\/sv\/wp-json\/wp\/v2\/media?parent=1366886"}],"wp:term":[{"taxonomy":"product_brand","embeddable":true,"href":"https:\/\/games.tactic.net\/sv\/wp-json\/wp\/v2\/product_brand?post=1366886"},{"taxonomy":"product_cat","embeddable":true,"href":"https:\/\/games.tactic.net\/sv\/wp-json\/wp\/v2\/product_cat?post=1366886"},{"taxonomy":"product_tag","embeddable":true,"href":"https:\/\/games.tactic.net\/sv\/wp-json\/wp\/v2\/product_tag?post=1366886"},{"taxonomy":"brand","embeddable":true,"href":"https:\/\/games.tactic.net\/sv\/wp-json\/wp\/v2\/brand?post=1366886"},{"taxonomy":"target-group","embeddable":true,"href":"https:\/\/games.tactic.net\/sv\/wp-json\/wp\/v2\/target-group?post=1366886"},{"taxonomy":"discontinued","embeddable":true,"href":"https:\/\/games.tactic.net\/sv\/wp-json\/wp\/v2\/discontinued?post=1366886"}],"curies":[{"name":"wp","href":"https:\/\/api.w.org\/{rel}","templated":true}]}}