{"id":1366884,"date":"2025-05-09T09:09:45","date_gmt":"2025-05-09T06:09:45","guid":{"rendered":"https:\/\/games.tactic.net\/tuote\/lumo-stars-bear-benny-mjuk-leksak-mini-85-cm\/"},"modified":"2025-05-09T09:09:45","modified_gmt":"2025-05-09T06:09:45","slug":"lumo-stars-bear-benny-mjuk-leksak-mini-85-cm","status":"publish","type":"product","link":"https:\/\/games.tactic.net\/sv\/tuote\/lumo-stars-bear-benny-mjuk-leksak-mini-85-cm\/","title":{"rendered":"Lumo Stars Bear Benny mjuk leksak mini 8,5 cm"},"content":{"rendered":"<p>Bj\u00f6rnen Benny \u00e4r sj\u00e4lva personifieringen av styrka och komfort. Hans f\u00e4rgglada plyschtyg ger en perfekt omfamning. Bennys varma, inbjudande \u00f6gon och milda leende g\u00f6r honom till den perfekta mysiga tillflykten f\u00f6r alla barn. Hans stadiga h\u00e5llning s\u00e4kerst\u00e4ller att han \u00e4r redo f\u00f6r alla lekfulla utmaningar.<\/p>\n","protected":false},"excerpt":{"rendered":"<p>Bj\u00f6rnen Benny \u00e4r sj\u00e4lva personifieringen av styrka och komfort. Hans f\u00e4rgglada plyschtyg ger en perfekt omfamning. Bennys varma, inbjudande \u00f6gon och milda leende g\u00f6r honom till den perfekta mysiga tillflykten f\u00f6r alla barn. Hans stadiga h\u00e5llning s\u00e4kerst\u00e4ller att han \u00e4r redo f\u00f6r alla lekfulla utmaningar.<\/p>\n","protected":false},"featured_media":0,"template":"","meta":{"content-type":"","_monsterinsights_skip_tracking":false,"_monsterinsights_sitenote_active":false,"_monsterinsights_sitenote_note":"","_monsterinsights_sitenote_category":0},"product_brand":[],"product_cat":[1565],"product_tag":[],"brand":[],"target-group":[],"discontinued":[],"class_list":{"0":"post-1366884","1":"product","2":"type-product","3":"status-publish","5":"product_cat-mini-gosedjur-lumo-stars-5","7":"first","8":"instock","9":"taxable","10":"shipping-taxable","11":"product-type-simple"},"aioseo_notices":[],"_links":{"self":[{"href":"https:\/\/games.tactic.net\/sv\/wp-json\/wp\/v2\/product\/1366884","targetHints":{"allow":["GET"]}}],"collection":[{"href":"https:\/\/games.tactic.net\/sv\/wp-json\/wp\/v2\/product"}],"about":[{"href":"https:\/\/games.tactic.net\/sv\/wp-json\/wp\/v2\/types\/product"}],"wp:attachment":[{"href":"https:\/\/games.tactic.net\/sv\/wp-json\/wp\/v2\/media?parent=1366884"}],"wp:term":[{"taxonomy":"product_brand","embeddable":true,"href":"https:\/\/games.tactic.net\/sv\/wp-json\/wp\/v2\/product_brand?post=1366884"},{"taxonomy":"product_cat","embeddable":true,"href":"https:\/\/games.tactic.net\/sv\/wp-json\/wp\/v2\/product_cat?post=1366884"},{"taxonomy":"product_tag","embeddable":true,"href":"https:\/\/games.tactic.net\/sv\/wp-json\/wp\/v2\/product_tag?post=1366884"},{"taxonomy":"brand","embeddable":true,"href":"https:\/\/games.tactic.net\/sv\/wp-json\/wp\/v2\/brand?post=1366884"},{"taxonomy":"target-group","embeddable":true,"href":"https:\/\/games.tactic.net\/sv\/wp-json\/wp\/v2\/target-group?post=1366884"},{"taxonomy":"discontinued","embeddable":true,"href":"https:\/\/games.tactic.net\/sv\/wp-json\/wp\/v2\/discontinued?post=1366884"}],"curies":[{"name":"wp","href":"https:\/\/api.w.org\/{rel}","templated":true}]}}