{"id":1366881,"date":"2025-05-08T16:13:20","date_gmt":"2025-05-08T13:13:20","guid":{"rendered":"https:\/\/games.tactic.net\/tuote\/ram-rental-service-with-mini-excavator\/"},"modified":"2025-05-08T16:13:20","modified_gmt":"2025-05-08T13:13:20","slug":"ram-rental-service-with-mini-excavator","status":"publish","type":"product","link":"https:\/\/games.tactic.net\/sv\/tuote\/ram-rental-service-with-mini-excavator\/","title":{"rendered":"RAM Rental Service with Mini excavator"},"content":{"rendered":"<p>Bruder RAM Power Wagon med sl\u00e4pvagn och Bruder-minigr\u00e4vmaskin ger en realistisk och funktionell lekupplevelse f\u00f6r lekande i alla \u00e5ldrar. Denna h\u00e5llbara och detaljerade modell \u00e4r designad f\u00f6r att erbjuda utm\u00e4rkt k\u00f6rkomfort och off-road egenskaper tack vare fj\u00e4dringen p\u00e5 b\u00e5da axlarna.<\/p>\n<p>RAM Power Wagon har en fyrd\u00f6rrars kabin d\u00e4r alla d\u00f6rrar kan \u00f6ppnas och rymmer fyra bworld-figurer. Framaxeln kan styras med den medf\u00f6ljande f\u00f6rl\u00e4ngningen till ratt, vilket g\u00f6r styrningen exakt och l\u00e4tt. Bakluckan \u00f6ppnas f\u00f6r enklare lastning av f\u00f6rem\u00e5l, och den rymliga lastytan \u00e4r perfekt f\u00f6r att transportera olika Bruder-tillbeh\u00f6r som flak, flakburar och halmbalar.<\/p>\n<p>Sl\u00e4pvagnen som medf\u00f6ljer har ett justerbart st\u00f6d f\u00f6r bakluckan, och dess chassi kan tippas med hj\u00e4lp av en spak, vilket g\u00f6r lastning och lossning l\u00e4ttare. Den medf\u00f6ljande Bruder-minigr\u00e4vmaskinen \u00e4r en helt fungerande och m\u00e5ngsidig arbetsmaskin. Med den avtagbara skopan, justerbart planeringsblad och sidokr\u00e4kningsbar bom \u00e4r den perfekt f\u00f6r olika gr\u00e4v- och bygguppgifter. Gr\u00e4vmaskinens hytt kan roteras 360 grader och har moderna gummid\u00e4ck som ger utm\u00e4rkt grepp p\u00e5 olika underlag.<\/p>\n<p>Bruder RAM Power Wagon med sl\u00e4pvagn och Bruder-minigr\u00e4vmaskin erbjuder den perfekta kombinationen av realism och funktionalitet, vilket g\u00f6r den till ett utm\u00e4rkt val f\u00f6r barn som \u00e4lskar arbetsfordon och byggande. Detta m\u00e5ngsidiga set ger o\u00e4ndliga m\u00f6jligheter f\u00f6r kreativ lek och utvecklar barns finmotorik och fantasi.<\/p>\n","protected":false},"excerpt":{"rendered":"<p>Bruder RAM Power Wagon med sl\u00e4pvagn och Bruder-minigr\u00e4vmaskin ger en realistisk och funktionell lekupplevelse f\u00f6r lekande i alla \u00e5ldrar.<\/p>\n","protected":false},"featured_media":0,"template":"","meta":{"content-type":"","_monsterinsights_skip_tracking":false,"_monsterinsights_sitenote_active":false,"_monsterinsights_sitenote_note":"","_monsterinsights_sitenote_category":0},"product_brand":[],"product_cat":[823],"product_tag":[],"brand":[],"target-group":[],"discontinued":[],"class_list":{"0":"post-1366881","1":"product","2":"type-product","3":"status-publish","5":"product_cat-bruder","7":"first","8":"outofstock","9":"taxable","10":"shipping-taxable","11":"product-type-simple"},"aioseo_notices":[],"_links":{"self":[{"href":"https:\/\/games.tactic.net\/sv\/wp-json\/wp\/v2\/product\/1366881","targetHints":{"allow":["GET"]}}],"collection":[{"href":"https:\/\/games.tactic.net\/sv\/wp-json\/wp\/v2\/product"}],"about":[{"href":"https:\/\/games.tactic.net\/sv\/wp-json\/wp\/v2\/types\/product"}],"wp:attachment":[{"href":"https:\/\/games.tactic.net\/sv\/wp-json\/wp\/v2\/media?parent=1366881"}],"wp:term":[{"taxonomy":"product_brand","embeddable":true,"href":"https:\/\/games.tactic.net\/sv\/wp-json\/wp\/v2\/product_brand?post=1366881"},{"taxonomy":"product_cat","embeddable":true,"href":"https:\/\/games.tactic.net\/sv\/wp-json\/wp\/v2\/product_cat?post=1366881"},{"taxonomy":"product_tag","embeddable":true,"href":"https:\/\/games.tactic.net\/sv\/wp-json\/wp\/v2\/product_tag?post=1366881"},{"taxonomy":"brand","embeddable":true,"href":"https:\/\/games.tactic.net\/sv\/wp-json\/wp\/v2\/brand?post=1366881"},{"taxonomy":"target-group","embeddable":true,"href":"https:\/\/games.tactic.net\/sv\/wp-json\/wp\/v2\/target-group?post=1366881"},{"taxonomy":"discontinued","embeddable":true,"href":"https:\/\/games.tactic.net\/sv\/wp-json\/wp\/v2\/discontinued?post=1366881"}],"curies":[{"name":"wp","href":"https:\/\/api.w.org\/{rel}","templated":true}]}}