{"id":1366880,"date":"2025-05-08T16:13:11","date_gmt":"2025-05-08T13:13:11","guid":{"rendered":"https:\/\/games.tactic.net\/tuote\/scania-super-560r-heavy-tow-truck-with-ls-module\/"},"modified":"2025-05-08T16:13:11","modified_gmt":"2025-05-08T13:13:11","slug":"scania-super-560r-heavy-tow-truck-with-ls-module","status":"publish","type":"product","link":"https:\/\/games.tactic.net\/sv\/tuote\/scania-super-560r-heavy-tow-truck-with-ls-module\/","title":{"rendered":"Scania Super 560R heavy Tow truck with L&#038;S Module"},"content":{"rendered":"<p>Tunga b\u00e4rgnings- och r\u00e4ddningsfordon \u00e4r bland de mest imponerande fordonen som barn ser p\u00e5 v\u00e5ra v\u00e4gar! Med den nya BRUDER Scania Super 560R b\u00e4rgnings- och r\u00e4ddningsbilen kan barn nu uppt\u00e4cka m\u00e5nga fascinerande funktioner och utveckla m\u00e5ngsidigt lekande med detta fordon.<\/p>\n<p>Hjullyften kan s\u00e4nkas f\u00f6r att st\u00f6dja framhjulen p\u00e5 det bogserade fordonet. Bakom en av de m\u00e5nga \u00f6ppningsbara luckorna finns justeringen av huvudarmens h\u00f6jd, vilket g\u00f6r att huvudarmen och det bogserade fordonet kan h\u00f6jas. Fr\u00e5n spetsen av den teleskopiska huvudarmen finns en kabelvinsch. Den medf\u00f6ljande adaptern kan f\u00e4stas p\u00e5 st\u00f6tf\u00e5ngaren p\u00e5 MAN TGS, MB Arocs, MACK och SCANIA-fordon, s\u00e5 att ett fordon som varit med om en olycka kan lyftas och bogseras till hjullyften med hj\u00e4lp av kabelvinschen. Scania-lastbilens detaljerade hytt har \u00f6ppningsbara d\u00f6rrar och levereras med en f\u00f6rinstallerad ljus- och ljudmodul som g\u00f6r leken \u00e4nnu mer levande! Fordonets m\u00e5tt \u00e4r 46,5 cm x 20,5 cm x 23 cm. Ljus- och ljudmodulen kr\u00e4ver 2 x AAA-batterier (testbatterier ing\u00e5r).<\/p>\n","protected":false},"excerpt":{"rendered":"<p>Scania Super 560R b\u00e4rgnings- och r\u00e4ddningsbil.<\/p>\n","protected":false},"featured_media":0,"template":"","meta":{"content-type":"","_monsterinsights_skip_tracking":false,"_monsterinsights_sitenote_active":false,"_monsterinsights_sitenote_note":"","_monsterinsights_sitenote_category":0},"product_brand":[],"product_cat":[823],"product_tag":[],"brand":[],"target-group":[],"discontinued":[],"class_list":{"0":"post-1366880","1":"product","2":"type-product","3":"status-publish","5":"product_cat-bruder","7":"first","8":"outofstock","9":"taxable","10":"shipping-taxable","11":"product-type-simple"},"aioseo_notices":[],"_links":{"self":[{"href":"https:\/\/games.tactic.net\/sv\/wp-json\/wp\/v2\/product\/1366880","targetHints":{"allow":["GET"]}}],"collection":[{"href":"https:\/\/games.tactic.net\/sv\/wp-json\/wp\/v2\/product"}],"about":[{"href":"https:\/\/games.tactic.net\/sv\/wp-json\/wp\/v2\/types\/product"}],"wp:attachment":[{"href":"https:\/\/games.tactic.net\/sv\/wp-json\/wp\/v2\/media?parent=1366880"}],"wp:term":[{"taxonomy":"product_brand","embeddable":true,"href":"https:\/\/games.tactic.net\/sv\/wp-json\/wp\/v2\/product_brand?post=1366880"},{"taxonomy":"product_cat","embeddable":true,"href":"https:\/\/games.tactic.net\/sv\/wp-json\/wp\/v2\/product_cat?post=1366880"},{"taxonomy":"product_tag","embeddable":true,"href":"https:\/\/games.tactic.net\/sv\/wp-json\/wp\/v2\/product_tag?post=1366880"},{"taxonomy":"brand","embeddable":true,"href":"https:\/\/games.tactic.net\/sv\/wp-json\/wp\/v2\/brand?post=1366880"},{"taxonomy":"target-group","embeddable":true,"href":"https:\/\/games.tactic.net\/sv\/wp-json\/wp\/v2\/target-group?post=1366880"},{"taxonomy":"discontinued","embeddable":true,"href":"https:\/\/games.tactic.net\/sv\/wp-json\/wp\/v2\/discontinued?post=1366880"}],"curies":[{"name":"wp","href":"https:\/\/api.w.org\/{rel}","templated":true}]}}