{"id":1366877,"date":"2025-05-08T16:12:47","date_gmt":"2025-05-08T13:12:47","guid":{"rendered":"https:\/\/games.tactic.net\/tuote\/mb-sprinter-camper-with-driver-and-accessory\/"},"modified":"2025-05-08T16:12:47","modified_gmt":"2025-05-08T13:12:47","slug":"mb-sprinter-camper-with-driver-and-accessory","status":"publish","type":"product","link":"https:\/\/games.tactic.net\/sv\/tuote\/mb-sprinter-camper-with-driver-and-accessory\/","title":{"rendered":"MB Sprinter Camper with driver and accessory"},"content":{"rendered":"<p>Bruder MB Sprinter Camper \u2013 den perfekta husbil f\u00f6r \u00e4ventyr! Camping \u00e4r mer popul\u00e4rt \u00e4n n\u00e5gonsin, och nu kan \u00e4ventyrslystna campare uppleva friheten med BRUDER MB Sprinter Camper-leksaken. Denna detaljerade modell \u00e4r baserad p\u00e5 den popul\u00e4ra Mercedes-Benz Sprinter, en av marknadens mest framg\u00e5ngsrika husbilsmodeller.<\/p>\n<p>Bruder MB Sprinter Camper erbjuder autentiska lekm\u00f6jligheter tack vare \u00f6ppningsbara d\u00f6rrar. F\u00f6rarhyttens d\u00f6rr, bakd\u00f6rrarna och den s\u00e4rskilt utvecklade skjutd\u00f6rren p\u00e5 passagerarsidan g\u00f6r det enkelt att komma in i husbilens inre, som har en integrerad dubbels\u00e4ng och ett stort f\u00f6rvaringsutrymme. Den medf\u00f6ljande bworld-figuren kan vila i s\u00e4ngen eller anv\u00e4nda det v\u00e4lutrustade k\u00f6ket f\u00f6r att laga mat.<\/p>\n<p>P\u00e5 soliga dagar skapar husbilens f\u00f6rl\u00e4ngda markis ett skuggigt utrymme d\u00e4r man kan njuta av utomhuslivet. Stiliga campingm\u00f6bler och bestick full\u00e4ndar campingupplevelsen och g\u00f6r leken \u00e4nnu mer realistisk.<\/p>\n<p>Bruder MB Sprinter Camper \u00e4r den perfekta presenten till barn som \u00e4lskar realistiska och m\u00e5ngsidiga lekar. Denna detaljerade husbil tar campingens sp\u00e4nning direkt hem och erbjuder o\u00e4ndliga m\u00f6jligheter till kreativa \u00e4ventyr.<\/p>\n","protected":false},"excerpt":{"rendered":"<p>Bruder MB Sprinter Camper \u2013 den perfekta husbil f\u00f6r \u00e4ventyr!<\/p>\n","protected":false},"featured_media":0,"template":"","meta":{"content-type":"","_monsterinsights_skip_tracking":false,"_monsterinsights_sitenote_active":false,"_monsterinsights_sitenote_note":"","_monsterinsights_sitenote_category":0},"product_brand":[],"product_cat":[823],"product_tag":[],"brand":[],"target-group":[],"discontinued":[],"class_list":{"0":"post-1366877","1":"product","2":"type-product","3":"status-publish","5":"product_cat-bruder","7":"first","8":"instock","9":"taxable","10":"shipping-taxable","11":"product-type-simple"},"aioseo_notices":[],"_links":{"self":[{"href":"https:\/\/games.tactic.net\/sv\/wp-json\/wp\/v2\/product\/1366877","targetHints":{"allow":["GET"]}}],"collection":[{"href":"https:\/\/games.tactic.net\/sv\/wp-json\/wp\/v2\/product"}],"about":[{"href":"https:\/\/games.tactic.net\/sv\/wp-json\/wp\/v2\/types\/product"}],"wp:attachment":[{"href":"https:\/\/games.tactic.net\/sv\/wp-json\/wp\/v2\/media?parent=1366877"}],"wp:term":[{"taxonomy":"product_brand","embeddable":true,"href":"https:\/\/games.tactic.net\/sv\/wp-json\/wp\/v2\/product_brand?post=1366877"},{"taxonomy":"product_cat","embeddable":true,"href":"https:\/\/games.tactic.net\/sv\/wp-json\/wp\/v2\/product_cat?post=1366877"},{"taxonomy":"product_tag","embeddable":true,"href":"https:\/\/games.tactic.net\/sv\/wp-json\/wp\/v2\/product_tag?post=1366877"},{"taxonomy":"brand","embeddable":true,"href":"https:\/\/games.tactic.net\/sv\/wp-json\/wp\/v2\/brand?post=1366877"},{"taxonomy":"target-group","embeddable":true,"href":"https:\/\/games.tactic.net\/sv\/wp-json\/wp\/v2\/target-group?post=1366877"},{"taxonomy":"discontinued","embeddable":true,"href":"https:\/\/games.tactic.net\/sv\/wp-json\/wp\/v2\/discontinued?post=1366877"}],"curies":[{"name":"wp","href":"https:\/\/api.w.org\/{rel}","templated":true}]}}