{"id":1366876,"date":"2025-05-08T16:08:46","date_gmt":"2025-05-08T13:08:46","guid":{"rendered":"https:\/\/games.tactic.net\/tuote\/bruder-deutz-8280-ttv-tractor-with-frontloader-toy\/"},"modified":"2025-05-08T16:08:46","modified_gmt":"2025-05-08T13:08:46","slug":"bruder-deutz-8280-ttv-tractor-with-frontloader-toy","status":"publish","type":"product","link":"https:\/\/games.tactic.net\/sv\/tuote\/bruder-deutz-8280-ttv-tractor-with-frontloader-toy\/","title":{"rendered":"Bruder Deutz 8280 TTV tractor with frontloader toy"},"content":{"rendered":"<p>DEUTZ-FAHR 8280 TTV: D\u00e4r kraft m\u00f6ter precision.<br \/>\n8280 TTV \u00e4r en p\u00e5litlig och kraftfull arbetsmaskin med den perfekta blandningen av teknologi f\u00f6r professionella lantbrukare. Med imponerande 287 h\u00e4stkrafter \u00e4r denna traktor redo att ta sig an alla utmaningar.<\/p>\n<p>N\u00e4r det g\u00e4ller design, funktionalitet och kvalitet \u00e4r den nya modellen i skala 1:16 fr\u00e5n Bruder p\u00e5 intet s\u00e4tt underl\u00e4gsen originalet, trogen sitt motto \u2013 precis som det riktiga. F\u00f6rarhytten \u00e4r helt inglasad och d\u00f6rrarna \u00e4r l\u00e4tta att \u00f6ppna. Den ledade motorhuven ger en inblick i motorn. Enkel styrning uppn\u00e5s med den inbyggda pendelaxeln och den styrst\u00e5ng som kan s\u00e4ttas in genom takluckan. F\u00f6r \u00e4nnu mer lekv\u00e4rde levereras denna modell med en fullt fungerande frontlastare. Tack vare den h\u00f6jdjusterbara bakre kopplingen kan alla sl\u00e4pvagnar i Professional-serien anv\u00e4ndas. De nya, avtagbara hjulen \u00e4r monterade f\u00f6r \u00e4nnu mer rolig lek. Till\u00e4gget av ett verkstadsfigurs-set (artikelnummer 62100) \u00f6kar ytterligare lekv\u00e4rdet p\u00e5 denna fantastiska produkt. Sj\u00e4lvklart passar alla BRUDER:s lantbrukssl\u00e4p och jordbruksmaskiner till denna traktor.<\/p>\n","protected":false},"excerpt":{"rendered":"<p>DEUTZ-FAHR 8280 TTV: D\u00e4r kraft m\u00f6ter precision.<br \/>\n8280 TTV \u00e4r en p\u00e5litlig och kraftfull arbetsmaskin med den perfekta blandningen av teknologi f\u00f6r professionella lantbrukare.<\/p>\n","protected":false},"featured_media":0,"template":"","meta":{"content-type":"","_monsterinsights_skip_tracking":false,"_monsterinsights_sitenote_active":false,"_monsterinsights_sitenote_note":"","_monsterinsights_sitenote_category":0},"product_brand":[],"product_cat":[823],"product_tag":[],"brand":[],"target-group":[],"discontinued":[],"class_list":{"0":"post-1366876","1":"product","2":"type-product","3":"status-publish","5":"product_cat-bruder","7":"first","8":"instock","9":"taxable","10":"shipping-taxable","11":"product-type-simple"},"aioseo_notices":[],"_links":{"self":[{"href":"https:\/\/games.tactic.net\/sv\/wp-json\/wp\/v2\/product\/1366876","targetHints":{"allow":["GET"]}}],"collection":[{"href":"https:\/\/games.tactic.net\/sv\/wp-json\/wp\/v2\/product"}],"about":[{"href":"https:\/\/games.tactic.net\/sv\/wp-json\/wp\/v2\/types\/product"}],"wp:attachment":[{"href":"https:\/\/games.tactic.net\/sv\/wp-json\/wp\/v2\/media?parent=1366876"}],"wp:term":[{"taxonomy":"product_brand","embeddable":true,"href":"https:\/\/games.tactic.net\/sv\/wp-json\/wp\/v2\/product_brand?post=1366876"},{"taxonomy":"product_cat","embeddable":true,"href":"https:\/\/games.tactic.net\/sv\/wp-json\/wp\/v2\/product_cat?post=1366876"},{"taxonomy":"product_tag","embeddable":true,"href":"https:\/\/games.tactic.net\/sv\/wp-json\/wp\/v2\/product_tag?post=1366876"},{"taxonomy":"brand","embeddable":true,"href":"https:\/\/games.tactic.net\/sv\/wp-json\/wp\/v2\/brand?post=1366876"},{"taxonomy":"target-group","embeddable":true,"href":"https:\/\/games.tactic.net\/sv\/wp-json\/wp\/v2\/target-group?post=1366876"},{"taxonomy":"discontinued","embeddable":true,"href":"https:\/\/games.tactic.net\/sv\/wp-json\/wp\/v2\/discontinued?post=1366876"}],"curies":[{"name":"wp","href":"https:\/\/api.w.org\/{rel}","templated":true}]}}