{"id":1366875,"date":"2025-05-08T16:08:36","date_gmt":"2025-05-08T13:08:36","guid":{"rendered":"https:\/\/games.tactic.net\/tuote\/bruder-deutz-8280-ttv-tractor-toy\/"},"modified":"2025-05-08T16:08:36","modified_gmt":"2025-05-08T13:08:36","slug":"bruder-deutz-8280-ttv-tractor-toy","status":"publish","type":"product","link":"https:\/\/games.tactic.net\/sv\/tuote\/bruder-deutz-8280-ttv-tractor-toy\/","title":{"rendered":"Bruder Deutz 8280 TTV tractor toy"},"content":{"rendered":"<p>DEUTZ-FAHR 8280 TTV: Kraft m\u00f6ter precision.<br \/>\n8280 TTV \u00e4r en p\u00e5litlig och kraftfull arbetsmaskin med en perfekt kombination av modern teknik f\u00f6r professionella lantbrukare. Med imponerande 287 hk klarar denna traktor alla utmaningar.<\/p>\n<p>BRUDER:s nya modell i skala 1:16 imponerar \u00e4ven i design, funktionalitet och kvalitet \u2013 precis som originalet, helt i linje med BRUDER:s motto: &#8221;Just like the real thing&#8221;. Hytten \u00e4r helt inglasad med \u00f6ppningsbara d\u00f6rrar. Den ledade motorhuven ger inblick i motorrummet. Traktorn styrs enkelt tack vare den inbyggda pendelaxeln och den medf\u00f6ljande styrst\u00e5ngen som f\u00f6rs genom takluckan.<\/p>\n<p>F\u00f6r \u00e4nnu mer lekgl\u00e4dje kan modellen utrustas med en frontlastare (artikelnummer 03333). Den h\u00f6jdjusterbara bakre kopplingen g\u00f6r att alla sl\u00e4pvagnar i BRUDER:s Professional-serie passar perfekt. De nya avtagbara hjulen \u00e4r redan monterade och bidrar till \u00e4nnu mer realistisk lek. Denna modell kan ocks\u00e5 ut\u00f6kas med figurer fr\u00e5n verkstadssetet (artikelnummer 62100), vilket \u00f6kar lekv\u00e4rdet ytterligare.<\/p>\n<p>Naturligtvis \u00e4r traktorn kompatibel med alla BRUDER:s lantbrukssl\u00e4p och jordbruksmaskiner.<\/p>\n","protected":false},"excerpt":{"rendered":"<p>Deutz 8280 TTV \u00e4r en p\u00e5litlig och kraftfull arbetsmaskin med en perfekt kombination av modern teknik f\u00f6r professionella lantbrukare.<\/p>\n","protected":false},"featured_media":0,"template":"","meta":{"content-type":"","_monsterinsights_skip_tracking":false,"_monsterinsights_sitenote_active":false,"_monsterinsights_sitenote_note":"","_monsterinsights_sitenote_category":0},"product_brand":[],"product_cat":[823],"product_tag":[],"brand":[],"target-group":[],"discontinued":[],"class_list":{"0":"post-1366875","1":"product","2":"type-product","3":"status-publish","5":"product_cat-bruder","7":"first","8":"instock","9":"taxable","10":"shipping-taxable","11":"product-type-simple"},"aioseo_notices":[],"_links":{"self":[{"href":"https:\/\/games.tactic.net\/sv\/wp-json\/wp\/v2\/product\/1366875","targetHints":{"allow":["GET"]}}],"collection":[{"href":"https:\/\/games.tactic.net\/sv\/wp-json\/wp\/v2\/product"}],"about":[{"href":"https:\/\/games.tactic.net\/sv\/wp-json\/wp\/v2\/types\/product"}],"wp:attachment":[{"href":"https:\/\/games.tactic.net\/sv\/wp-json\/wp\/v2\/media?parent=1366875"}],"wp:term":[{"taxonomy":"product_brand","embeddable":true,"href":"https:\/\/games.tactic.net\/sv\/wp-json\/wp\/v2\/product_brand?post=1366875"},{"taxonomy":"product_cat","embeddable":true,"href":"https:\/\/games.tactic.net\/sv\/wp-json\/wp\/v2\/product_cat?post=1366875"},{"taxonomy":"product_tag","embeddable":true,"href":"https:\/\/games.tactic.net\/sv\/wp-json\/wp\/v2\/product_tag?post=1366875"},{"taxonomy":"brand","embeddable":true,"href":"https:\/\/games.tactic.net\/sv\/wp-json\/wp\/v2\/brand?post=1366875"},{"taxonomy":"target-group","embeddable":true,"href":"https:\/\/games.tactic.net\/sv\/wp-json\/wp\/v2\/target-group?post=1366875"},{"taxonomy":"discontinued","embeddable":true,"href":"https:\/\/games.tactic.net\/sv\/wp-json\/wp\/v2\/discontinued?post=1366875"}],"curies":[{"name":"wp","href":"https:\/\/api.w.org\/{rel}","templated":true}]}}