{"id":1366873,"date":"2025-05-08T15:08:44","date_gmt":"2025-05-08T12:08:44","guid":{"rendered":"https:\/\/games.tactic.net\/tuote\/bworld-car-service-and-bruder-roadster\/"},"modified":"2025-05-08T15:08:44","modified_gmt":"2025-05-08T12:08:44","slug":"bworld-car-service-and-bruder-roadster","status":"publish","type":"product","link":"https:\/\/games.tactic.net\/sv\/tuote\/bworld-car-service-and-bruder-roadster\/","title":{"rendered":"BWorld Car service and BRUDER Roadster"},"content":{"rendered":"<p>Det nya bworld bilservicecentret \u00e4r en anhalt f\u00f6r flera BRUDER-fordon som beh\u00f6ver service. Den medf\u00f6ljande mekanikern kan inspektera fordonen p\u00e5 den helt h\u00f6jdjusterbara fordonslyften och d\u00e4refter testa bromsarna med den installerade testutrustningen. Resultatet visas direkt p\u00e5 monitorn. Mindre reparationer kan utf\u00f6ras omedelbart med hj\u00e4lp av de medf\u00f6ljande verktygen, och i ett sista steg kontrolleras d\u00e4cktrycket.<\/p>\n<p>BRUDER roadstern ing\u00e5r i detta fantastiska set. Fordonet \u00e4r redan inbokat f\u00f6r service. Reservhjul ing\u00e5r ocks\u00e5, och tack vare roadsterns nya hjulbytessystem g\u00e5r detta p\u00e5 nolltid.<\/p>\n","protected":false},"excerpt":{"rendered":"<p>Det nya bworld bilservicecentret \u00e4r en anhalt f\u00f6r flera BRUDER-fordon som beh\u00f6ver service.<\/p>\n","protected":false},"featured_media":0,"template":"","meta":{"content-type":"","_monsterinsights_skip_tracking":false,"_monsterinsights_sitenote_active":false,"_monsterinsights_sitenote_note":"","_monsterinsights_sitenote_category":0},"product_brand":[],"product_cat":[823],"product_tag":[],"brand":[],"target-group":[],"discontinued":[],"class_list":{"0":"post-1366873","1":"product","2":"type-product","3":"status-publish","5":"product_cat-bruder","7":"first","8":"instock","9":"taxable","10":"shipping-taxable","11":"product-type-simple"},"aioseo_notices":[],"_links":{"self":[{"href":"https:\/\/games.tactic.net\/sv\/wp-json\/wp\/v2\/product\/1366873","targetHints":{"allow":["GET"]}}],"collection":[{"href":"https:\/\/games.tactic.net\/sv\/wp-json\/wp\/v2\/product"}],"about":[{"href":"https:\/\/games.tactic.net\/sv\/wp-json\/wp\/v2\/types\/product"}],"wp:attachment":[{"href":"https:\/\/games.tactic.net\/sv\/wp-json\/wp\/v2\/media?parent=1366873"}],"wp:term":[{"taxonomy":"product_brand","embeddable":true,"href":"https:\/\/games.tactic.net\/sv\/wp-json\/wp\/v2\/product_brand?post=1366873"},{"taxonomy":"product_cat","embeddable":true,"href":"https:\/\/games.tactic.net\/sv\/wp-json\/wp\/v2\/product_cat?post=1366873"},{"taxonomy":"product_tag","embeddable":true,"href":"https:\/\/games.tactic.net\/sv\/wp-json\/wp\/v2\/product_tag?post=1366873"},{"taxonomy":"brand","embeddable":true,"href":"https:\/\/games.tactic.net\/sv\/wp-json\/wp\/v2\/brand?post=1366873"},{"taxonomy":"target-group","embeddable":true,"href":"https:\/\/games.tactic.net\/sv\/wp-json\/wp\/v2\/target-group?post=1366873"},{"taxonomy":"discontinued","embeddable":true,"href":"https:\/\/games.tactic.net\/sv\/wp-json\/wp\/v2\/discontinued?post=1366873"}],"curies":[{"name":"wp","href":"https:\/\/api.w.org\/{rel}","templated":true}]}}