{"id":1366872,"date":"2025-05-08T15:08:33","date_gmt":"2025-05-08T12:08:33","guid":{"rendered":"https:\/\/games.tactic.net\/tuote\/bruder-roadmax-tractor-with-forestry-trailer-and-3-trunks\/"},"modified":"2025-05-08T15:08:33","modified_gmt":"2025-05-08T12:08:33","slug":"bruder-roadmax-tractor-with-forestry-trailer-and-3-trunks","status":"publish","type":"product","link":"https:\/\/games.tactic.net\/sv\/tuote\/bruder-roadmax-tractor-with-forestry-trailer-and-3-trunks\/","title":{"rendered":"Bruder ROADMAX Tractor with Forestry trailer and 3 trunks"},"content":{"rendered":"<p>ROADMAX-traktorn med skogsvagn och tre stockar \u00e4r designad f\u00f6r barn fr\u00e5n 2 \u00e5r och upp\u00e5t. Modellen har en detaljerad hytt och stora d\u00e4ck med typiskt traktorm\u00f6nster. F\u00f6r \u00e4nnu roligare lek ing\u00e5r en fungerande virkesvagn med tre stockar och ett tippbart lastomr\u00e5de.<\/p>\n","protected":false},"excerpt":{"rendered":"<p>ROADMAX-traktorn med skogsvagn och tre stockar.<\/p>\n","protected":false},"featured_media":0,"template":"","meta":{"content-type":"","_monsterinsights_skip_tracking":false,"_monsterinsights_sitenote_active":false,"_monsterinsights_sitenote_note":"","_monsterinsights_sitenote_category":0},"product_brand":[],"product_cat":[823],"product_tag":[],"brand":[],"target-group":[],"discontinued":[],"class_list":{"0":"post-1366872","1":"product","2":"type-product","3":"status-publish","5":"product_cat-bruder","7":"first","8":"instock","9":"taxable","10":"shipping-taxable","11":"product-type-simple"},"aioseo_notices":[],"_links":{"self":[{"href":"https:\/\/games.tactic.net\/sv\/wp-json\/wp\/v2\/product\/1366872","targetHints":{"allow":["GET"]}}],"collection":[{"href":"https:\/\/games.tactic.net\/sv\/wp-json\/wp\/v2\/product"}],"about":[{"href":"https:\/\/games.tactic.net\/sv\/wp-json\/wp\/v2\/types\/product"}],"wp:attachment":[{"href":"https:\/\/games.tactic.net\/sv\/wp-json\/wp\/v2\/media?parent=1366872"}],"wp:term":[{"taxonomy":"product_brand","embeddable":true,"href":"https:\/\/games.tactic.net\/sv\/wp-json\/wp\/v2\/product_brand?post=1366872"},{"taxonomy":"product_cat","embeddable":true,"href":"https:\/\/games.tactic.net\/sv\/wp-json\/wp\/v2\/product_cat?post=1366872"},{"taxonomy":"product_tag","embeddable":true,"href":"https:\/\/games.tactic.net\/sv\/wp-json\/wp\/v2\/product_tag?post=1366872"},{"taxonomy":"brand","embeddable":true,"href":"https:\/\/games.tactic.net\/sv\/wp-json\/wp\/v2\/brand?post=1366872"},{"taxonomy":"target-group","embeddable":true,"href":"https:\/\/games.tactic.net\/sv\/wp-json\/wp\/v2\/target-group?post=1366872"},{"taxonomy":"discontinued","embeddable":true,"href":"https:\/\/games.tactic.net\/sv\/wp-json\/wp\/v2\/discontinued?post=1366872"}],"curies":[{"name":"wp","href":"https:\/\/api.w.org\/{rel}","templated":true}]}}