{"id":1366846,"date":"2025-05-07T11:08:21","date_gmt":"2025-05-07T08:08:21","guid":{"rendered":"https:\/\/games.tactic.net\/tuote\/tactic-colour-yatzy-tarningsspel\/"},"modified":"2025-05-07T11:08:21","modified_gmt":"2025-05-07T08:08:21","slug":"tactic-colour-yatzy-tarningsspel","status":"publish","type":"product","link":"https:\/\/games.tactic.net\/sv\/tuote\/tactic-colour-yatzy-tarningsspel\/","title":{"rendered":"Tactic Colour Yatzy t\u00e4rningsspel"},"content":{"rendered":"<p>Kasta t\u00e4rningarna inuti regnb\u00e5gsasken och f\u00f6rs\u00f6k att matcha f\u00e4rgerna s\u00e5 att du kan samla kort. Ju fler kort du samlar desto h\u00f6gre blir dina po\u00e4ng. Men se upp \u2013 ibland leder dina anstr\u00e4ngningar till att du hj\u00e4lper n\u00e4sta spelare \u2026<\/p>\n","protected":false},"excerpt":{"rendered":"<p>Kasta t\u00e4rningarna inuti regnb\u00e5gsasken och f\u00f6rs\u00f6k att matcha f\u00e4rgerna s\u00e5 att du kan samla kort. Ju fler kort du samlar desto h\u00f6gre blir dina po\u00e4ng. Men se upp \u2013 ibland leder dina anstr\u00e4ngningar till att du hj\u00e4lper n\u00e4sta spelare \u2026<\/p>\n","protected":false},"featured_media":0,"template":"","meta":{"content-type":"","_monsterinsights_skip_tracking":false,"_monsterinsights_sitenote_active":false,"_monsterinsights_sitenote_note":"","_monsterinsights_sitenote_category":0},"product_brand":[],"product_cat":[1578,1563],"product_tag":[1238,857],"brand":[],"target-group":[],"discontinued":[],"class_list":{"0":"post-1366846","1":"product","2":"type-product","3":"status-publish","5":"product_cat-kort-och-tarningsspel-familjespel","6":"product_cat-kort-och-tarningsspel","7":"product_tag-strategi-sv","8":"product_tag-tur","10":"first","11":"instock","12":"taxable","13":"shipping-taxable","14":"product-type-simple"},"aioseo_notices":[],"_links":{"self":[{"href":"https:\/\/games.tactic.net\/sv\/wp-json\/wp\/v2\/product\/1366846","targetHints":{"allow":["GET"]}}],"collection":[{"href":"https:\/\/games.tactic.net\/sv\/wp-json\/wp\/v2\/product"}],"about":[{"href":"https:\/\/games.tactic.net\/sv\/wp-json\/wp\/v2\/types\/product"}],"wp:attachment":[{"href":"https:\/\/games.tactic.net\/sv\/wp-json\/wp\/v2\/media?parent=1366846"}],"wp:term":[{"taxonomy":"product_brand","embeddable":true,"href":"https:\/\/games.tactic.net\/sv\/wp-json\/wp\/v2\/product_brand?post=1366846"},{"taxonomy":"product_cat","embeddable":true,"href":"https:\/\/games.tactic.net\/sv\/wp-json\/wp\/v2\/product_cat?post=1366846"},{"taxonomy":"product_tag","embeddable":true,"href":"https:\/\/games.tactic.net\/sv\/wp-json\/wp\/v2\/product_tag?post=1366846"},{"taxonomy":"brand","embeddable":true,"href":"https:\/\/games.tactic.net\/sv\/wp-json\/wp\/v2\/brand?post=1366846"},{"taxonomy":"target-group","embeddable":true,"href":"https:\/\/games.tactic.net\/sv\/wp-json\/wp\/v2\/target-group?post=1366846"},{"taxonomy":"discontinued","embeddable":true,"href":"https:\/\/games.tactic.net\/sv\/wp-json\/wp\/v2\/discontinued?post=1366846"}],"curies":[{"name":"wp","href":"https:\/\/api.w.org\/{rel}","templated":true}]}}