{"id":1366834,"date":"2025-04-30T15:08:46","date_gmt":"2025-04-30T12:08:46","guid":{"rendered":"https:\/\/games.tactic.net\/tuote\/tactic-alias-party\/"},"modified":"2025-04-30T15:08:46","modified_gmt":"2025-04-30T12:08:46","slug":"tactic-alias-party","status":"publish","type":"product","link":"https:\/\/games.tactic.net\/sv\/tuote\/tactic-alias-party\/","title":{"rendered":"Tactic Alias Party"},"content":{"rendered":"<p>Party Alias \u00e4r en hejdl\u00f6st rolig version av det popul\u00e4ra ordf\u00f6rklaringsspelet Original Alias! Med Party Alias f\u00e5r du uppslag p\u00e5 nya roliga och annorlunda s\u00e4tt att f\u00f6rklara ord p\u00e5, med b\u00e5de fysiska och verbala utmaningar! Tror du att du kan f\u00f6rklara orden medan du l\u00e5tsas vara ledsen, arg eller n\u00e5got annat knasigt? Party Alias \u00e4r det perfekta partyspelet, det kommer garanterat att g\u00f6ra din spelkv\u00e4ll extra rolig!<\/p>\n","protected":false},"excerpt":{"rendered":"<p>Party Alias \u00e4r en hejdl\u00f6st rolig version av det popul\u00e4ra ordf\u00f6rklaringsspelet Original Alias! Med Party Alias f\u00e5r du uppslag p\u00e5 nya roliga och annorlunda s\u00e4tt att f\u00f6rklara ord p\u00e5, med b\u00e5de fysiska och verbala utmaningar! Tror du att du kan f\u00f6rklara orden medan du l\u00e5tsas vara ledsen, arg eller n\u00e5got annat knasigt? Party Alias \u00e4r [&hellip;]<\/p>\n","protected":false},"featured_media":0,"template":"","meta":{"content-type":"","_monsterinsights_skip_tracking":false,"_monsterinsights_sitenote_active":false,"_monsterinsights_sitenote_note":"","_monsterinsights_sitenote_category":0},"product_brand":[],"product_cat":[1461,1541,1540],"product_tag":[1227,959,845],"brand":[{"id":599,"name":"Alias","slug":"alias_se"}],"target-group":[],"discontinued":[],"class_list":{"0":"post-1366834","1":"product","2":"type-product","3":"status-publish","5":"product_cat-bradspel","6":"product_cat-party-spel-vuxenspel","7":"product_cat-partyspel","8":"product_tag-kreativitet-sv","9":"product_tag-ordforklaring","10":"product_tag-tillsammans","11":"brand-alias_se","13":"first","14":"instock","15":"taxable","16":"shipping-taxable","17":"product-type-simple"},"aioseo_notices":[],"_links":{"self":[{"href":"https:\/\/games.tactic.net\/sv\/wp-json\/wp\/v2\/product\/1366834","targetHints":{"allow":["GET"]}}],"collection":[{"href":"https:\/\/games.tactic.net\/sv\/wp-json\/wp\/v2\/product"}],"about":[{"href":"https:\/\/games.tactic.net\/sv\/wp-json\/wp\/v2\/types\/product"}],"wp:attachment":[{"href":"https:\/\/games.tactic.net\/sv\/wp-json\/wp\/v2\/media?parent=1366834"}],"wp:term":[{"taxonomy":"product_brand","embeddable":true,"href":"https:\/\/games.tactic.net\/sv\/wp-json\/wp\/v2\/product_brand?post=1366834"},{"taxonomy":"product_cat","embeddable":true,"href":"https:\/\/games.tactic.net\/sv\/wp-json\/wp\/v2\/product_cat?post=1366834"},{"taxonomy":"product_tag","embeddable":true,"href":"https:\/\/games.tactic.net\/sv\/wp-json\/wp\/v2\/product_tag?post=1366834"},{"taxonomy":"brand","embeddable":true,"href":"https:\/\/games.tactic.net\/sv\/wp-json\/wp\/v2\/brand?post=1366834"},{"taxonomy":"target-group","embeddable":true,"href":"https:\/\/games.tactic.net\/sv\/wp-json\/wp\/v2\/target-group?post=1366834"},{"taxonomy":"discontinued","embeddable":true,"href":"https:\/\/games.tactic.net\/sv\/wp-json\/wp\/v2\/discontinued?post=1366834"}],"curies":[{"name":"wp","href":"https:\/\/api.w.org\/{rel}","templated":true}]}}