{"id":1366803,"date":"2025-04-30T11:11:15","date_gmt":"2025-04-30T08:11:15","guid":{"rendered":"https:\/\/games.tactic.net\/tuote\/tactic-puzzle-lovers-sea-turtle-500-pcs-pussel\/"},"modified":"2025-04-30T11:11:15","modified_gmt":"2025-04-30T08:11:15","slug":"tactic-puzzle-lovers-sea-turtle-500-pcs-pussel","status":"publish","type":"product","link":"https:\/\/games.tactic.net\/sv\/tuote\/tactic-puzzle-lovers-sea-turtle-500-pcs-pussel\/","title":{"rendered":"Tactic Puzzle Lovers Sea Turtle 500 pcs pussel"},"content":{"rendered":"<p>Tactic Puzzle Lovers Sea Turtle 500 pcs pussel. Puzzle Lovers 500 \u00e4r en linje roliga pussel f\u00f6r b\u00e5de nyb\u00f6rjare och riktiga pussel\u00e4lskare. Varje pussel best\u00e5r av 500 h\u00f6gkvalitativa bitar.<\/p>\n","protected":false},"excerpt":{"rendered":"<p>Tactic Puzzle Lovers Sea Turtle 500 pcs pussel.<\/p>\n","protected":false},"featured_media":0,"template":"","meta":{"content-type":"","_monsterinsights_skip_tracking":false,"_monsterinsights_sitenote_active":false,"_monsterinsights_sitenote_note":"","_monsterinsights_sitenote_category":0},"product_brand":[],"product_cat":[915],"product_tag":[],"brand":[],"target-group":[],"discontinued":[],"class_list":{"0":"post-1366803","1":"product","2":"type-product","3":"status-publish","5":"product_cat-500-bitar","7":"first","8":"instock","9":"taxable","10":"shipping-taxable","11":"product-type-simple"},"aioseo_notices":[],"_links":{"self":[{"href":"https:\/\/games.tactic.net\/sv\/wp-json\/wp\/v2\/product\/1366803","targetHints":{"allow":["GET"]}}],"collection":[{"href":"https:\/\/games.tactic.net\/sv\/wp-json\/wp\/v2\/product"}],"about":[{"href":"https:\/\/games.tactic.net\/sv\/wp-json\/wp\/v2\/types\/product"}],"wp:attachment":[{"href":"https:\/\/games.tactic.net\/sv\/wp-json\/wp\/v2\/media?parent=1366803"}],"wp:term":[{"taxonomy":"product_brand","embeddable":true,"href":"https:\/\/games.tactic.net\/sv\/wp-json\/wp\/v2\/product_brand?post=1366803"},{"taxonomy":"product_cat","embeddable":true,"href":"https:\/\/games.tactic.net\/sv\/wp-json\/wp\/v2\/product_cat?post=1366803"},{"taxonomy":"product_tag","embeddable":true,"href":"https:\/\/games.tactic.net\/sv\/wp-json\/wp\/v2\/product_tag?post=1366803"},{"taxonomy":"brand","embeddable":true,"href":"https:\/\/games.tactic.net\/sv\/wp-json\/wp\/v2\/brand?post=1366803"},{"taxonomy":"target-group","embeddable":true,"href":"https:\/\/games.tactic.net\/sv\/wp-json\/wp\/v2\/target-group?post=1366803"},{"taxonomy":"discontinued","embeddable":true,"href":"https:\/\/games.tactic.net\/sv\/wp-json\/wp\/v2\/discontinued?post=1366803"}],"curies":[{"name":"wp","href":"https:\/\/api.w.org\/{rel}","templated":true}]}}