{"id":1366677,"date":"2025-04-24T14:46:11","date_gmt":"2025-04-24T11:46:11","guid":{"rendered":"https:\/\/games.tactic.net\/tuote\/lumo-stars-staffordshire-terrier-rocky-mini\/"},"modified":"2025-04-24T14:46:11","modified_gmt":"2025-04-24T11:46:11","slug":"lumo-stars-staffordshire-terrier-rocky-mini","status":"publish","type":"product","link":"https:\/\/games.tactic.net\/sv\/tuote\/lumo-stars-staffordshire-terrier-rocky-mini\/","title":{"rendered":"Lumo Stars Staffordshire Terrier Rocky mini"},"content":{"rendered":"<p>Storlek 8,5 cm.<\/p>\n<p>Ingen kan motst\u00e5 de s\u00f6ta Lumo Stars valpmjukisdjuren. I produktserien hittar du de mest popul\u00e4ra hundraserna och tillbeh\u00f6r f\u00f6r valpv\u00e5rd.<\/p>\n<p>Lumo Stars \u00e4r en kollektion av kramgoa och helt bed\u00e5rande mjukisdjur. De \u00e4r underbara v\u00e4nner att leka med, var och en med sin egen personlighet och sitt unika utseende. Mjukisdjuren finns i olika storlekar och har vackra f\u00e4rger inspirerade av den nordiska naturen.<\/p>\n","protected":false},"excerpt":{"rendered":"<p>Jag \u00e4r ROCKY, den trofasta Staffordshire Bullterriern. Jag \u00e4r alltid redo att vara din lojala f\u00f6ljeslagare p\u00e5 varje \u00e4ventyr. L\u00e5t oss ge oss ut p\u00e5 otaliga mysiga \u00e4ventyr tillsammans!<\/p>\n","protected":false},"featured_media":0,"template":"","meta":{"content-type":"","_monsterinsights_skip_tracking":false,"_monsterinsights_sitenote_active":false,"_monsterinsights_sitenote_note":"","_monsterinsights_sitenote_category":0},"product_brand":[],"product_cat":[1565],"product_tag":[],"brand":[],"target-group":[],"discontinued":[],"class_list":{"0":"post-1366677","1":"product","2":"type-product","3":"status-publish","5":"product_cat-mini-gosedjur-lumo-stars-5","7":"first","8":"instock","9":"taxable","10":"shipping-taxable","11":"product-type-simple"},"aioseo_notices":[],"_links":{"self":[{"href":"https:\/\/games.tactic.net\/sv\/wp-json\/wp\/v2\/product\/1366677","targetHints":{"allow":["GET"]}}],"collection":[{"href":"https:\/\/games.tactic.net\/sv\/wp-json\/wp\/v2\/product"}],"about":[{"href":"https:\/\/games.tactic.net\/sv\/wp-json\/wp\/v2\/types\/product"}],"wp:attachment":[{"href":"https:\/\/games.tactic.net\/sv\/wp-json\/wp\/v2\/media?parent=1366677"}],"wp:term":[{"taxonomy":"product_brand","embeddable":true,"href":"https:\/\/games.tactic.net\/sv\/wp-json\/wp\/v2\/product_brand?post=1366677"},{"taxonomy":"product_cat","embeddable":true,"href":"https:\/\/games.tactic.net\/sv\/wp-json\/wp\/v2\/product_cat?post=1366677"},{"taxonomy":"product_tag","embeddable":true,"href":"https:\/\/games.tactic.net\/sv\/wp-json\/wp\/v2\/product_tag?post=1366677"},{"taxonomy":"brand","embeddable":true,"href":"https:\/\/games.tactic.net\/sv\/wp-json\/wp\/v2\/brand?post=1366677"},{"taxonomy":"target-group","embeddable":true,"href":"https:\/\/games.tactic.net\/sv\/wp-json\/wp\/v2\/target-group?post=1366677"},{"taxonomy":"discontinued","embeddable":true,"href":"https:\/\/games.tactic.net\/sv\/wp-json\/wp\/v2\/discontinued?post=1366677"}],"curies":[{"name":"wp","href":"https:\/\/api.w.org\/{rel}","templated":true}]}}