{"id":1366653,"date":"2025-04-17T12:10:45","date_gmt":"2025-04-17T09:10:45","guid":{"rendered":"https:\/\/games.tactic.net\/tuote\/tactic-easy-peasy-lemon-squeaky\/"},"modified":"2025-10-20T07:37:20","modified_gmt":"2025-10-20T04:37:20","slug":"tactic-easy-peasy-lemon-squeaky","status":"publish","type":"product","link":"https:\/\/games.tactic.net\/sv\/tuote\/tactic-easy-peasy-lemon-squeaky\/","title":{"rendered":"Tactic Easy Peasy Lemon Squeaky"},"content":{"rendered":"<p>Var inte en sur f\u00f6rlorare! Varje runda b\u00f6rjar med att citronm\u00e4staren l\u00e4ser ett kort. Det kan vara faktafr\u00e5gor, sant eller falskt eller en fysisk utmaning. Bli den som f\u00f6rst grabbar \u00e5t dig citronen och squeakar den. Svara r\u00e4tt s\u00e5 vinner du en citronbit, men kom ih\u00e5g att squeaka citronen innan du l\u00e4gger tillbaka den!<\/p>\n","protected":false},"excerpt":{"rendered":"<p>Partyspelet med en syrlig twist och en squeaky citron! Samla n\u00e5gra v\u00e4nner och grabba citronen om du tror att du har det som kr\u00e4vs f\u00f6r att vinna detta partyspel med en rolig twist. Inneh\u00e5ller \u00e4kta humor!<\/p>\n","protected":false},"featured_media":0,"template":"","meta":{"content-type":"","_monsterinsights_skip_tracking":false,"_monsterinsights_sitenote_active":false,"_monsterinsights_sitenote_note":"","_monsterinsights_sitenote_category":0},"product_brand":[],"product_cat":[1540],"product_tag":[304,318,932,857],"brand":[],"target-group":[],"discontinued":[],"class_list":{"0":"post-1366653","1":"product","2":"type-product","3":"status-publish","5":"product_cat-partyspel","6":"product_tag-aktion","7":"product_tag-hastighet","8":"product_tag-tidsfordriv","9":"product_tag-tur","11":"first","12":"outofstock","13":"taxable","14":"shipping-taxable","15":"product-type-simple"},"aioseo_notices":[],"_links":{"self":[{"href":"https:\/\/games.tactic.net\/sv\/wp-json\/wp\/v2\/product\/1366653","targetHints":{"allow":["GET"]}}],"collection":[{"href":"https:\/\/games.tactic.net\/sv\/wp-json\/wp\/v2\/product"}],"about":[{"href":"https:\/\/games.tactic.net\/sv\/wp-json\/wp\/v2\/types\/product"}],"wp:attachment":[{"href":"https:\/\/games.tactic.net\/sv\/wp-json\/wp\/v2\/media?parent=1366653"}],"wp:term":[{"taxonomy":"product_brand","embeddable":true,"href":"https:\/\/games.tactic.net\/sv\/wp-json\/wp\/v2\/product_brand?post=1366653"},{"taxonomy":"product_cat","embeddable":true,"href":"https:\/\/games.tactic.net\/sv\/wp-json\/wp\/v2\/product_cat?post=1366653"},{"taxonomy":"product_tag","embeddable":true,"href":"https:\/\/games.tactic.net\/sv\/wp-json\/wp\/v2\/product_tag?post=1366653"},{"taxonomy":"brand","embeddable":true,"href":"https:\/\/games.tactic.net\/sv\/wp-json\/wp\/v2\/brand?post=1366653"},{"taxonomy":"target-group","embeddable":true,"href":"https:\/\/games.tactic.net\/sv\/wp-json\/wp\/v2\/target-group?post=1366653"},{"taxonomy":"discontinued","embeddable":true,"href":"https:\/\/games.tactic.net\/sv\/wp-json\/wp\/v2\/discontinued?post=1366653"}],"curies":[{"name":"wp","href":"https:\/\/api.w.org\/{rel}","templated":true}]}}