{"id":1366565,"date":"2025-04-04T14:09:37","date_gmt":"2025-04-04T11:09:37","guid":{"rendered":"https:\/\/games.tactic.net\/tuote\/tactic-lar-dig-var-fantastiska-kropp\/"},"modified":"2025-05-16T14:40:44","modified_gmt":"2025-05-16T11:40:44","slug":"tactic-lar-dig-var-fantastiska-kropp","status":"publish","type":"product","link":"https:\/\/games.tactic.net\/sv\/tuote\/tactic-lar-dig-var-fantastiska-kropp\/","title":{"rendered":"Tactic L\u00e4r dig V\u00e5r fantastiska kropp br\u00e4dspel"},"content":{"rendered":"<p>F\u00f6lj med p\u00e5 en fascinerande resa genom m\u00e4nniskokroppen!<br \/>\nDen som kommer f\u00f6rst i m\u00e5l blir l\u00e4kare. Flytta din spelfigur p\u00e5 spelplanen, besvara roliga fr\u00e5gor om m\u00e4nniskokroppen och hur den fungerar och prova<br \/>\nsj\u00e4lv att g\u00f6ra olika fysiska \u00f6vningar. Om du klarar uppgifterna g\u00e5r du vidare p\u00e5 din bana till att bli l\u00e4kare, men de andra spelarna vill mycket g\u00e4rna \u00f6vertr\u00e4ffa dig! Det tre olika uppgifter i det h\u00e4r spelet: hitta, kunna och prova. B\u00f6rja din fascinerande resa genom m\u00e4nniskokroppen.<\/p>\n<p><img decoding=\"async\" src=\"https:\\\\\\\\games.tactic.net\\\\pic\\\\logo\\\\Awarded_concept.png\"><\/p>\n","protected":false},"excerpt":{"rendered":"<p>F\u00f6lj med p\u00e5 en fascinerande resa genom m\u00e4nniskokroppen! Den som kommer f\u00f6rst i m\u00e5l blir l\u00e4kare. Flytta din spelfigur p\u00e5 spelplanen, besvara roliga fr\u00e5gor om m\u00e4nniskokroppen och hur den fungerar och prova sj\u00e4lv att g\u00f6ra olika fysiska \u00f6vningar. Om du klarar uppgifterna g\u00e5r du vidare p\u00e5 din bana till att bli l\u00e4kare, men de andra [&hellip;]<\/p>\n","protected":false},"featured_media":0,"template":"","meta":{"content-type":"","_monsterinsights_skip_tracking":false,"_monsterinsights_sitenote_active":false,"_monsterinsights_sitenote_note":"","_monsterinsights_sitenote_category":0},"product_brand":[],"product_cat":[1462,1519],"product_tag":[1235,1254],"brand":[{"id":864,"name":"Let's Learn","slug":"letslearn-sv"}],"target-group":[],"discontinued":[],"class_list":{"0":"post-1366565","1":"product","2":"type-product","3":"status-publish","5":"product_cat-bradspel-barnspel","6":"product_cat-lar-spel-barnspel","7":"product_tag-kombinera-sv","8":"product_tag-pedagogisk-sv","9":"brand-letslearn-sv","11":"first","12":"instock","13":"taxable","14":"shipping-taxable","15":"product-type-simple"},"aioseo_notices":[],"_links":{"self":[{"href":"https:\/\/games.tactic.net\/sv\/wp-json\/wp\/v2\/product\/1366565","targetHints":{"allow":["GET"]}}],"collection":[{"href":"https:\/\/games.tactic.net\/sv\/wp-json\/wp\/v2\/product"}],"about":[{"href":"https:\/\/games.tactic.net\/sv\/wp-json\/wp\/v2\/types\/product"}],"wp:attachment":[{"href":"https:\/\/games.tactic.net\/sv\/wp-json\/wp\/v2\/media?parent=1366565"}],"wp:term":[{"taxonomy":"product_brand","embeddable":true,"href":"https:\/\/games.tactic.net\/sv\/wp-json\/wp\/v2\/product_brand?post=1366565"},{"taxonomy":"product_cat","embeddable":true,"href":"https:\/\/games.tactic.net\/sv\/wp-json\/wp\/v2\/product_cat?post=1366565"},{"taxonomy":"product_tag","embeddable":true,"href":"https:\/\/games.tactic.net\/sv\/wp-json\/wp\/v2\/product_tag?post=1366565"},{"taxonomy":"brand","embeddable":true,"href":"https:\/\/games.tactic.net\/sv\/wp-json\/wp\/v2\/brand?post=1366565"},{"taxonomy":"target-group","embeddable":true,"href":"https:\/\/games.tactic.net\/sv\/wp-json\/wp\/v2\/target-group?post=1366565"},{"taxonomy":"discontinued","embeddable":true,"href":"https:\/\/games.tactic.net\/sv\/wp-json\/wp\/v2\/discontinued?post=1366565"}],"curies":[{"name":"wp","href":"https:\/\/api.w.org\/{rel}","templated":true}]}}