{"id":1366538,"date":"2025-03-25T13:25:12","date_gmt":"2025-03-25T11:25:12","guid":{"rendered":"https:\/\/games.tactic.net\/tuote\/save-the-nature-egg-amigos-display-incl-9pcs\/"},"modified":"2025-03-25T13:25:12","modified_gmt":"2025-03-25T11:25:12","slug":"save-the-nature-egg-amigos-display-incl-9pcs","status":"publish","type":"product","link":"https:\/\/games.tactic.net\/sv\/tuote\/save-the-nature-egg-amigos-display-incl-9pcs\/","title":{"rendered":"Save the nature Egg Amigos display incl 9pcs"},"content":{"rendered":"<p>Save The Nature Egg Amigos \u00e4r en serie gl\u00e4djefyllda p\u00e5sksurpriser i form av mjukisdjur! Detta kramgoa p\u00e5sk\u00e4gg inneh\u00e5ller en magisk \u00f6verraskning \u2013 kommer ditt mjukisdjur att kl\u00e4ckas till en \u00f6verraskningskyckling eller en \u00f6verraskningskanin? Med glada ansiktsuttryck och fr\u00e4scha v\u00e5rf\u00e4rger \u00e4r denna p\u00e5skmjukisdjur den perfekta presenten f\u00f6r alla mjukisdjurs\u00e4lskare. Detta transformerande mjukisdjur ger rolig och sp\u00e4nnande lek l\u00e5ngt efter att p\u00e5sken \u00e4r \u00f6ver!<\/p>\n","protected":false},"excerpt":{"rendered":"<p>Save The Nature Egg Amigos \u00e4r en serie gl\u00e4djefyllda p\u00e5sksurpriser i form av mjukisdjur! Detta kramgoa p\u00e5sk\u00e4gg inneh\u00e5ller en magisk \u00f6verraskning \u2013 kommer ditt mjukisdjur att kl\u00e4ckas till en \u00f6verraskningskyckling eller en \u00f6verraskningskanin? Med glada ansiktsuttryck och fr\u00e4scha v\u00e5rf\u00e4rger \u00e4r denna p\u00e5skmjukisdjur den perfekta presenten f\u00f6r alla mjukisdjurs\u00e4lskare. Detta transformerande mjukisdjur ger rolig och sp\u00e4nnande [&hellip;]<\/p>\n","protected":false},"featured_media":0,"template":"","meta":{"content-type":"","_monsterinsights_skip_tracking":false,"_monsterinsights_sitenote_active":false,"_monsterinsights_sitenote_note":"","_monsterinsights_sitenote_category":0},"product_brand":[],"product_cat":[2230],"product_tag":[],"brand":[],"target-group":[],"discontinued":[],"class_list":{"0":"post-1366538","1":"product","2":"type-product","3":"status-publish","5":"product_cat-save-the-nature-leksaker","7":"first","8":"instock","9":"taxable","10":"shipping-taxable","11":"product-type-simple"},"aioseo_notices":[],"_links":{"self":[{"href":"https:\/\/games.tactic.net\/sv\/wp-json\/wp\/v2\/product\/1366538","targetHints":{"allow":["GET"]}}],"collection":[{"href":"https:\/\/games.tactic.net\/sv\/wp-json\/wp\/v2\/product"}],"about":[{"href":"https:\/\/games.tactic.net\/sv\/wp-json\/wp\/v2\/types\/product"}],"wp:attachment":[{"href":"https:\/\/games.tactic.net\/sv\/wp-json\/wp\/v2\/media?parent=1366538"}],"wp:term":[{"taxonomy":"product_brand","embeddable":true,"href":"https:\/\/games.tactic.net\/sv\/wp-json\/wp\/v2\/product_brand?post=1366538"},{"taxonomy":"product_cat","embeddable":true,"href":"https:\/\/games.tactic.net\/sv\/wp-json\/wp\/v2\/product_cat?post=1366538"},{"taxonomy":"product_tag","embeddable":true,"href":"https:\/\/games.tactic.net\/sv\/wp-json\/wp\/v2\/product_tag?post=1366538"},{"taxonomy":"brand","embeddable":true,"href":"https:\/\/games.tactic.net\/sv\/wp-json\/wp\/v2\/brand?post=1366538"},{"taxonomy":"target-group","embeddable":true,"href":"https:\/\/games.tactic.net\/sv\/wp-json\/wp\/v2\/target-group?post=1366538"},{"taxonomy":"discontinued","embeddable":true,"href":"https:\/\/games.tactic.net\/sv\/wp-json\/wp\/v2\/discontinued?post=1366538"}],"curies":[{"name":"wp","href":"https:\/\/api.w.org\/{rel}","templated":true}]}}