{"id":1366089,"date":"2025-03-11T16:17:36","date_gmt":"2025-03-11T14:17:36","guid":{"rendered":"https:\/\/games.tactic.net\/tuote\/tactic-boho-malarbok-for-vuxna\/"},"modified":"2025-03-11T16:17:36","modified_gmt":"2025-03-11T14:17:36","slug":"tactic-boho-malarbok-for-vuxna","status":"publish","type":"product","link":"https:\/\/games.tactic.net\/sv\/tuote\/tactic-boho-malarbok-for-vuxna\/","title":{"rendered":"Tactic BOHO m\u00e5larbok f\u00f6r vuxna"},"content":{"rendered":"<p>En m\u00e5larbok f\u00f6r vuxna med vackra bilder. F\u00e4rgl\u00e4ggning kan minska stress, bidra till en rofylld k\u00e4nsla och g\u00f6ra gott p\u00e5 m\u00e5nga olika s\u00e4tt!<\/p>\n","protected":false},"excerpt":{"rendered":"<p>En m\u00e5larbok f\u00f6r vuxna med vackra bilder. F\u00e4rgl\u00e4ggning kan minska stress, bidra till en rofylld k\u00e4nsla och g\u00f6ra gott p\u00e5 m\u00e5nga olika s\u00e4tt!<\/p>\n","protected":false},"featured_media":0,"template":"","meta":{"content-type":"","_monsterinsights_skip_tracking":false,"_monsterinsights_sitenote_active":false,"_monsterinsights_sitenote_note":"","_monsterinsights_sitenote_category":0},"product_brand":[],"product_cat":[1529],"product_tag":[],"brand":[],"target-group":[],"discontinued":[],"class_list":{"0":"post-1366089","1":"product","2":"type-product","3":"status-publish","5":"product_cat-malarbocker-malar-och-pysselbocker","7":"first","8":"instock","9":"taxable","10":"shipping-taxable","11":"product-type-simple"},"aioseo_notices":[],"_links":{"self":[{"href":"https:\/\/games.tactic.net\/sv\/wp-json\/wp\/v2\/product\/1366089","targetHints":{"allow":["GET"]}}],"collection":[{"href":"https:\/\/games.tactic.net\/sv\/wp-json\/wp\/v2\/product"}],"about":[{"href":"https:\/\/games.tactic.net\/sv\/wp-json\/wp\/v2\/types\/product"}],"wp:attachment":[{"href":"https:\/\/games.tactic.net\/sv\/wp-json\/wp\/v2\/media?parent=1366089"}],"wp:term":[{"taxonomy":"product_brand","embeddable":true,"href":"https:\/\/games.tactic.net\/sv\/wp-json\/wp\/v2\/product_brand?post=1366089"},{"taxonomy":"product_cat","embeddable":true,"href":"https:\/\/games.tactic.net\/sv\/wp-json\/wp\/v2\/product_cat?post=1366089"},{"taxonomy":"product_tag","embeddable":true,"href":"https:\/\/games.tactic.net\/sv\/wp-json\/wp\/v2\/product_tag?post=1366089"},{"taxonomy":"brand","embeddable":true,"href":"https:\/\/games.tactic.net\/sv\/wp-json\/wp\/v2\/brand?post=1366089"},{"taxonomy":"target-group","embeddable":true,"href":"https:\/\/games.tactic.net\/sv\/wp-json\/wp\/v2\/target-group?post=1366089"},{"taxonomy":"discontinued","embeddable":true,"href":"https:\/\/games.tactic.net\/sv\/wp-json\/wp\/v2\/discontinued?post=1366089"}],"curies":[{"name":"wp","href":"https:\/\/api.w.org\/{rel}","templated":true}]}}