{"id":1366088,"date":"2025-03-11T16:17:30","date_gmt":"2025-03-11T14:17:30","guid":{"rendered":"https:\/\/games.tactic.net\/tuote\/tactic-malarbok-farglinjer\/"},"modified":"2025-03-11T16:17:30","modified_gmt":"2025-03-11T14:17:30","slug":"tactic-malarbok-farglinjer","status":"publish","type":"product","link":"https:\/\/games.tactic.net\/sv\/tuote\/tactic-malarbok-farglinjer\/","title":{"rendered":"Tactic F\u00e4rglinjer m\u00e5larbok"},"content":{"rendered":"<p>De f\u00e4rgrika linjerna inbjuder till f\u00e4rgl\u00e4ggning. Du kan anv\u00e4nda linjernas f\u00e4rger som hj\u00e4lp n\u00e4r du sj\u00e4lv f\u00e4rgl\u00e4gger, eller g\u00e5 helt efter din egen fantasi och inspiration. H\u00e4r inne finns b\u00e5de mer och mindre detaljerade bilder, f\u00f6r en stor variation i en och samma m\u00e5larbok.<\/p>\n","protected":false},"excerpt":{"rendered":"<p>De f\u00e4rgrika linjerna inbjuder till f\u00e4rgl\u00e4ggning. Du kan anv\u00e4nda linjernas f\u00e4rger som hj\u00e4lp n\u00e4r du sj\u00e4lv f\u00e4rgl\u00e4gger, eller g\u00e5 helt efter din egen fantasi och inspiration. H\u00e4r inne finns b\u00e5de mer och mindre detaljerade bilder, f\u00f6r en stor variation i en och samma m\u00e5larbok.<\/p>\n","protected":false},"featured_media":0,"template":"","meta":{"content-type":"","_monsterinsights_skip_tracking":false,"_monsterinsights_sitenote_active":false,"_monsterinsights_sitenote_note":"","_monsterinsights_sitenote_category":0},"product_brand":[],"product_cat":[1529],"product_tag":[],"brand":[],"target-group":[],"discontinued":[],"class_list":{"0":"post-1366088","1":"product","2":"type-product","3":"status-publish","5":"product_cat-malarbocker-malar-och-pysselbocker","7":"first","8":"instock","9":"taxable","10":"shipping-taxable","11":"product-type-simple"},"aioseo_notices":[],"_links":{"self":[{"href":"https:\/\/games.tactic.net\/sv\/wp-json\/wp\/v2\/product\/1366088","targetHints":{"allow":["GET"]}}],"collection":[{"href":"https:\/\/games.tactic.net\/sv\/wp-json\/wp\/v2\/product"}],"about":[{"href":"https:\/\/games.tactic.net\/sv\/wp-json\/wp\/v2\/types\/product"}],"wp:attachment":[{"href":"https:\/\/games.tactic.net\/sv\/wp-json\/wp\/v2\/media?parent=1366088"}],"wp:term":[{"taxonomy":"product_brand","embeddable":true,"href":"https:\/\/games.tactic.net\/sv\/wp-json\/wp\/v2\/product_brand?post=1366088"},{"taxonomy":"product_cat","embeddable":true,"href":"https:\/\/games.tactic.net\/sv\/wp-json\/wp\/v2\/product_cat?post=1366088"},{"taxonomy":"product_tag","embeddable":true,"href":"https:\/\/games.tactic.net\/sv\/wp-json\/wp\/v2\/product_tag?post=1366088"},{"taxonomy":"brand","embeddable":true,"href":"https:\/\/games.tactic.net\/sv\/wp-json\/wp\/v2\/brand?post=1366088"},{"taxonomy":"target-group","embeddable":true,"href":"https:\/\/games.tactic.net\/sv\/wp-json\/wp\/v2\/target-group?post=1366088"},{"taxonomy":"discontinued","embeddable":true,"href":"https:\/\/games.tactic.net\/sv\/wp-json\/wp\/v2\/discontinued?post=1366088"}],"curies":[{"name":"wp","href":"https:\/\/api.w.org\/{rel}","templated":true}]}}