{"id":1366086,"date":"2025-03-11T16:17:16","date_gmt":"2025-03-11T14:17:16","guid":{"rendered":"https:\/\/games.tactic.net\/tuote\/tactic-blommor-och-fjarilar-pysselbok-med-klistermarken\/"},"modified":"2025-03-11T16:17:16","modified_gmt":"2025-03-11T14:17:16","slug":"tactic-blommor-och-fjarilar-pysselbok-med-klistermarken","status":"publish","type":"product","link":"https:\/\/games.tactic.net\/sv\/tuote\/tactic-blommor-och-fjarilar-pysselbok-med-klistermarken\/","title":{"rendered":"Tactic Blommor och fj\u00e4rilar, pysselbok med klisterm\u00e4rken"},"content":{"rendered":"<p>Flyg p\u00e5 dr\u00f6mlika vingar mot skymningen och blomma ut p\u00e5 den solf\u00f6rgyllda \u00e4ngen. Det h\u00e4r \u00e4r en aktivitetsbok med klisterm\u00e4rken som \u00e4r en gl\u00e4dje att dr\u00f6mma sig bort i!<\/p>\n","protected":false},"excerpt":{"rendered":"<p>Flyg p\u00e5 dr\u00f6mlika vingar mot skymningen och blomma ut p\u00e5 den solf\u00f6rgyllda \u00e4ngen. Det h\u00e4r \u00e4r en aktivitetsbok med klisterm\u00e4rken som \u00e4r en gl\u00e4dje att dr\u00f6mma sig bort i!<\/p>\n","protected":false},"featured_media":0,"template":"","meta":{"content-type":"","_monsterinsights_skip_tracking":false,"_monsterinsights_sitenote_active":false,"_monsterinsights_sitenote_note":"","_monsterinsights_sitenote_category":0},"product_brand":[],"product_cat":[1531],"product_tag":[],"brand":[],"target-group":[],"discontinued":[],"class_list":{"0":"post-1366086","1":"product","2":"type-product","3":"status-publish","5":"product_cat-pysselbok-med-klistermarken","7":"first","8":"instock","9":"taxable","10":"shipping-taxable","11":"product-type-simple"},"aioseo_notices":[],"_links":{"self":[{"href":"https:\/\/games.tactic.net\/sv\/wp-json\/wp\/v2\/product\/1366086","targetHints":{"allow":["GET"]}}],"collection":[{"href":"https:\/\/games.tactic.net\/sv\/wp-json\/wp\/v2\/product"}],"about":[{"href":"https:\/\/games.tactic.net\/sv\/wp-json\/wp\/v2\/types\/product"}],"wp:attachment":[{"href":"https:\/\/games.tactic.net\/sv\/wp-json\/wp\/v2\/media?parent=1366086"}],"wp:term":[{"taxonomy":"product_brand","embeddable":true,"href":"https:\/\/games.tactic.net\/sv\/wp-json\/wp\/v2\/product_brand?post=1366086"},{"taxonomy":"product_cat","embeddable":true,"href":"https:\/\/games.tactic.net\/sv\/wp-json\/wp\/v2\/product_cat?post=1366086"},{"taxonomy":"product_tag","embeddable":true,"href":"https:\/\/games.tactic.net\/sv\/wp-json\/wp\/v2\/product_tag?post=1366086"},{"taxonomy":"brand","embeddable":true,"href":"https:\/\/games.tactic.net\/sv\/wp-json\/wp\/v2\/brand?post=1366086"},{"taxonomy":"target-group","embeddable":true,"href":"https:\/\/games.tactic.net\/sv\/wp-json\/wp\/v2\/target-group?post=1366086"},{"taxonomy":"discontinued","embeddable":true,"href":"https:\/\/games.tactic.net\/sv\/wp-json\/wp\/v2\/discontinued?post=1366086"}],"curies":[{"name":"wp","href":"https:\/\/api.w.org\/{rel}","templated":true}]}}