{"id":1366085,"date":"2025-03-11T16:17:09","date_gmt":"2025-03-11T14:17:09","guid":{"rendered":"https:\/\/games.tactic.net\/tuote\/tactic-en-magisk-malarbok\/"},"modified":"2025-03-11T16:17:09","modified_gmt":"2025-03-11T14:17:09","slug":"tactic-en-magisk-malarbok","status":"publish","type":"product","link":"https:\/\/games.tactic.net\/sv\/tuote\/tactic-en-magisk-malarbok\/","title":{"rendered":"Tactic En magisk m\u00e5larbok"},"content":{"rendered":"<p>Trollkarlar, drakar, enh\u00f6rningar, magiska slott, vilda monster och andra magiska varelser v\u00e4ntar p\u00e5 dina f\u00e4rger. Dyk in i en f\u00e4ngslande sagov\u00e4rld och anv\u00e4nd dina f\u00e4rger f\u00f6r att v\u00e4cka den till liv!<\/p>\n","protected":false},"excerpt":{"rendered":"<p>Trollkarlar, drakar, enh\u00f6rningar, magiska slott, vilda monster och andra magiska varelser v\u00e4ntar p\u00e5 dina f\u00e4rger. Dyk in i en f\u00e4ngslande sagov\u00e4rld och anv\u00e4nd dina f\u00e4rger f\u00f6r att v\u00e4cka den till liv!<\/p>\n","protected":false},"featured_media":0,"template":"","meta":{"content-type":"","_monsterinsights_skip_tracking":false,"_monsterinsights_sitenote_active":false,"_monsterinsights_sitenote_note":"","_monsterinsights_sitenote_category":0},"product_brand":[],"product_cat":[1529],"product_tag":[],"brand":[],"target-group":[],"discontinued":[],"class_list":{"0":"post-1366085","1":"product","2":"type-product","3":"status-publish","5":"product_cat-malarbocker-malar-och-pysselbocker","7":"first","8":"instock","9":"taxable","10":"shipping-taxable","11":"product-type-simple"},"aioseo_notices":[],"_links":{"self":[{"href":"https:\/\/games.tactic.net\/sv\/wp-json\/wp\/v2\/product\/1366085","targetHints":{"allow":["GET"]}}],"collection":[{"href":"https:\/\/games.tactic.net\/sv\/wp-json\/wp\/v2\/product"}],"about":[{"href":"https:\/\/games.tactic.net\/sv\/wp-json\/wp\/v2\/types\/product"}],"wp:attachment":[{"href":"https:\/\/games.tactic.net\/sv\/wp-json\/wp\/v2\/media?parent=1366085"}],"wp:term":[{"taxonomy":"product_brand","embeddable":true,"href":"https:\/\/games.tactic.net\/sv\/wp-json\/wp\/v2\/product_brand?post=1366085"},{"taxonomy":"product_cat","embeddable":true,"href":"https:\/\/games.tactic.net\/sv\/wp-json\/wp\/v2\/product_cat?post=1366085"},{"taxonomy":"product_tag","embeddable":true,"href":"https:\/\/games.tactic.net\/sv\/wp-json\/wp\/v2\/product_tag?post=1366085"},{"taxonomy":"brand","embeddable":true,"href":"https:\/\/games.tactic.net\/sv\/wp-json\/wp\/v2\/brand?post=1366085"},{"taxonomy":"target-group","embeddable":true,"href":"https:\/\/games.tactic.net\/sv\/wp-json\/wp\/v2\/target-group?post=1366085"},{"taxonomy":"discontinued","embeddable":true,"href":"https:\/\/games.tactic.net\/sv\/wp-json\/wp\/v2\/discontinued?post=1366085"}],"curies":[{"name":"wp","href":"https:\/\/api.w.org\/{rel}","templated":true}]}}