{"id":1366084,"date":"2025-03-11T15:08:26","date_gmt":"2025-03-11T13:08:26","guid":{"rendered":"https:\/\/games.tactic.net\/tuote\/tactic-malarbok-safari\/"},"modified":"2025-03-11T15:08:26","modified_gmt":"2025-03-11T13:08:26","slug":"tactic-malarbok-safari","status":"publish","type":"product","link":"https:\/\/games.tactic.net\/sv\/tuote\/tactic-malarbok-safari\/","title":{"rendered":"Tactic Safari m\u00e5larbok"},"content":{"rendered":"<p>Ge dig ut p\u00e5 en fantastisk safaritur i djurens vilda v\u00e4rld! Boken \u00e4r fylld med sp\u00e4nnande djur som v\u00e4ntar p\u00e5 att du ska f\u00e4rgl\u00e4gga dem i alla m\u00f6jliga f\u00e4rger. Tigrar, lejon, nosh\u00f6rningar och andra vilda djur \u00e4r redo \u2013 kliv in i \u00e4ventyret!<\/p>\n","protected":false},"excerpt":{"rendered":"<p>Ge dig ut p\u00e5 en fantastisk safaritur i djurens vilda v\u00e4rld! Boken \u00e4r fylld med sp\u00e4nnande djur som v\u00e4ntar p\u00e5 att du ska f\u00e4rgl\u00e4gga dem i alla m\u00f6jliga f\u00e4rger. Tigrar, lejon, nosh\u00f6rningar och andra vilda djur \u00e4r redo \u2013 kliv in i \u00e4ventyret!<\/p>\n","protected":false},"featured_media":0,"template":"","meta":{"content-type":"","_monsterinsights_skip_tracking":false,"_monsterinsights_sitenote_active":false,"_monsterinsights_sitenote_note":"","_monsterinsights_sitenote_category":0},"product_brand":[],"product_cat":[1529],"product_tag":[],"brand":[],"target-group":[],"discontinued":[],"class_list":{"0":"post-1366084","1":"product","2":"type-product","3":"status-publish","5":"product_cat-malarbocker-malar-och-pysselbocker","7":"first","8":"instock","9":"taxable","10":"shipping-taxable","11":"product-type-simple"},"aioseo_notices":[],"_links":{"self":[{"href":"https:\/\/games.tactic.net\/sv\/wp-json\/wp\/v2\/product\/1366084","targetHints":{"allow":["GET"]}}],"collection":[{"href":"https:\/\/games.tactic.net\/sv\/wp-json\/wp\/v2\/product"}],"about":[{"href":"https:\/\/games.tactic.net\/sv\/wp-json\/wp\/v2\/types\/product"}],"wp:attachment":[{"href":"https:\/\/games.tactic.net\/sv\/wp-json\/wp\/v2\/media?parent=1366084"}],"wp:term":[{"taxonomy":"product_brand","embeddable":true,"href":"https:\/\/games.tactic.net\/sv\/wp-json\/wp\/v2\/product_brand?post=1366084"},{"taxonomy":"product_cat","embeddable":true,"href":"https:\/\/games.tactic.net\/sv\/wp-json\/wp\/v2\/product_cat?post=1366084"},{"taxonomy":"product_tag","embeddable":true,"href":"https:\/\/games.tactic.net\/sv\/wp-json\/wp\/v2\/product_tag?post=1366084"},{"taxonomy":"brand","embeddable":true,"href":"https:\/\/games.tactic.net\/sv\/wp-json\/wp\/v2\/brand?post=1366084"},{"taxonomy":"target-group","embeddable":true,"href":"https:\/\/games.tactic.net\/sv\/wp-json\/wp\/v2\/target-group?post=1366084"},{"taxonomy":"discontinued","embeddable":true,"href":"https:\/\/games.tactic.net\/sv\/wp-json\/wp\/v2\/discontinued?post=1366084"}],"curies":[{"name":"wp","href":"https:\/\/api.w.org\/{rel}","templated":true}]}}