{"id":1365887,"date":"2025-02-25T15:18:33","date_gmt":"2025-02-25T13:18:33","guid":{"rendered":"https:\/\/games.tactic.net\/tuote\/molkky-go\/"},"modified":"2025-08-05T15:48:44","modified_gmt":"2025-08-05T12:48:44","slug":"molkky-go","status":"publish","type":"product","link":"https:\/\/games.tactic.net\/sv\/tuote\/molkky-go\/","title":{"rendered":"M\u00f6lkky\u00ae GO"},"content":{"rendered":"<p>Det popul\u00e4raste utomhusspelet, M\u00f6lkky\u00ae, \u00e4r en h\u00e5llbar klassiker. 100 % \u00e5tervinningsbara material g\u00f6r det till ett h\u00e5llbart val, dessutom roar det spelare i alla \u00e5ldrar!<\/p>\n","protected":false},"excerpt":{"rendered":"<p>Det popul\u00e4raste utomhusspelet, M\u00f6lkky\u00ae, \u00e4r en h\u00e5llbar klassiker. 100 % \u00e5tervinningsbara material g\u00f6r det till ett h\u00e5llbart val, dessutom roar det spelare i alla \u00e5ldrar!<\/p>\n","protected":false},"featured_media":0,"template":"","meta":{"content-type":"","_monsterinsights_skip_tracking":false,"_monsterinsights_sitenote_active":false,"_monsterinsights_sitenote_note":"","_monsterinsights_sitenote_category":0},"product_brand":[],"product_cat":[1554,1537],"product_tag":[1240,1249,1238,1265],"brand":[{"id":1217,"name":"M\u00f6lkky","slug":"molkky_se"}],"target-group":[],"discontinued":[],"class_list":{"0":"post-1365887","1":"product","2":"type-product","3":"status-publish","5":"product_cat-molkky-utomhus-spel","6":"product_cat-spel","7":"product_tag-rakning-sv","8":"product_tag-skicklighet-sv","9":"product_tag-strategi-sv","10":"product_tag-taktik-sv","11":"brand-molkky_se","13":"first","14":"outofstock","15":"taxable","16":"shipping-taxable","17":"product-type-simple"},"aioseo_notices":[],"_links":{"self":[{"href":"https:\/\/games.tactic.net\/sv\/wp-json\/wp\/v2\/product\/1365887","targetHints":{"allow":["GET"]}}],"collection":[{"href":"https:\/\/games.tactic.net\/sv\/wp-json\/wp\/v2\/product"}],"about":[{"href":"https:\/\/games.tactic.net\/sv\/wp-json\/wp\/v2\/types\/product"}],"wp:attachment":[{"href":"https:\/\/games.tactic.net\/sv\/wp-json\/wp\/v2\/media?parent=1365887"}],"wp:term":[{"taxonomy":"product_brand","embeddable":true,"href":"https:\/\/games.tactic.net\/sv\/wp-json\/wp\/v2\/product_brand?post=1365887"},{"taxonomy":"product_cat","embeddable":true,"href":"https:\/\/games.tactic.net\/sv\/wp-json\/wp\/v2\/product_cat?post=1365887"},{"taxonomy":"product_tag","embeddable":true,"href":"https:\/\/games.tactic.net\/sv\/wp-json\/wp\/v2\/product_tag?post=1365887"},{"taxonomy":"brand","embeddable":true,"href":"https:\/\/games.tactic.net\/sv\/wp-json\/wp\/v2\/brand?post=1365887"},{"taxonomy":"target-group","embeddable":true,"href":"https:\/\/games.tactic.net\/sv\/wp-json\/wp\/v2\/target-group?post=1365887"},{"taxonomy":"discontinued","embeddable":true,"href":"https:\/\/games.tactic.net\/sv\/wp-json\/wp\/v2\/discontinued?post=1365887"}],"curies":[{"name":"wp","href":"https:\/\/api.w.org\/{rel}","templated":true}]}}