{"id":1365678,"date":"2025-02-10T19:17:06","date_gmt":"2025-02-10T17:17:06","guid":{"rendered":"https:\/\/games.tactic.net\/tuote\/plasto-giant-snow-clearer-width-45-cm-black\/"},"modified":"2025-03-17T13:09:42","modified_gmt":"2025-03-17T11:09:42","slug":"plasto-giant-snow-clearer-width-45-cm-black","status":"publish","type":"product","link":"https:\/\/games.tactic.net\/sv\/tuote\/plasto-giant-snow-clearer-width-45-cm-black\/","title":{"rendered":"PLASTO Giant snow clearer. Width 45 cm. Black"},"content":{"rendered":"<p>Plasto sn\u00f6skuff. Bredd 45 cm. H\u00f6jd 82 cm. F\u00f6rst\u00e4rkt framkant. Stadig metalskaft. Tillverkad i Finland.<\/p>\n","protected":false},"excerpt":{"rendered":"<p>Plasto sn\u00f6skuff. Bredd 45 cm. H\u00f6jd 82 cm. F\u00f6rst\u00e4rkt framkant. Stadig metalskaft. Tillverkad i Finland.<\/p>\n","protected":false},"featured_media":0,"template":"","meta":{"content-type":"","_monsterinsights_skip_tracking":false,"_monsterinsights_sitenote_active":false,"_monsterinsights_sitenote_note":"","_monsterinsights_sitenote_category":0},"product_brand":[],"product_cat":[2305],"product_tag":[],"brand":[{"id":2317,"name":"Plasto","slug":"plasto-5"}],"target-group":[],"discontinued":[],"class_list":{"0":"post-1365678","1":"product","2":"type-product","3":"status-publish","5":"product_cat-plasto","6":"brand-plasto-5","8":"first","9":"instock","10":"taxable","11":"shipping-taxable","12":"product-type-simple"},"aioseo_notices":[],"_links":{"self":[{"href":"https:\/\/games.tactic.net\/sv\/wp-json\/wp\/v2\/product\/1365678","targetHints":{"allow":["GET"]}}],"collection":[{"href":"https:\/\/games.tactic.net\/sv\/wp-json\/wp\/v2\/product"}],"about":[{"href":"https:\/\/games.tactic.net\/sv\/wp-json\/wp\/v2\/types\/product"}],"wp:attachment":[{"href":"https:\/\/games.tactic.net\/sv\/wp-json\/wp\/v2\/media?parent=1365678"}],"wp:term":[{"taxonomy":"product_brand","embeddable":true,"href":"https:\/\/games.tactic.net\/sv\/wp-json\/wp\/v2\/product_brand?post=1365678"},{"taxonomy":"product_cat","embeddable":true,"href":"https:\/\/games.tactic.net\/sv\/wp-json\/wp\/v2\/product_cat?post=1365678"},{"taxonomy":"product_tag","embeddable":true,"href":"https:\/\/games.tactic.net\/sv\/wp-json\/wp\/v2\/product_tag?post=1365678"},{"taxonomy":"brand","embeddable":true,"href":"https:\/\/games.tactic.net\/sv\/wp-json\/wp\/v2\/brand?post=1365678"},{"taxonomy":"target-group","embeddable":true,"href":"https:\/\/games.tactic.net\/sv\/wp-json\/wp\/v2\/target-group?post=1365678"},{"taxonomy":"discontinued","embeddable":true,"href":"https:\/\/games.tactic.net\/sv\/wp-json\/wp\/v2\/discontinued?post=1365678"}],"curies":[{"name":"wp","href":"https:\/\/api.w.org\/{rel}","templated":true}]}}