{"id":1365617,"date":"2025-02-07T10:08:19","date_gmt":"2025-02-07T08:08:19","guid":{"rendered":"https:\/\/games.tactic.net\/tuote\/hot-seat\/"},"modified":"2025-12-17T09:07:16","modified_gmt":"2025-12-17T07:07:16","slug":"hot-seat","status":"publish","type":"product","link":"https:\/\/games.tactic.net\/sv\/tuote\/hot-seat\/","title":{"rendered":"Hot Seat"},"content":{"rendered":"<p>Ta reda p\u00e5 vem som k\u00e4nner dig b\u00e4st! Alla spelare l\u00e5tsas att de \u00e4r du n\u00e4r du sitter i heta stolen. Vad svarar du n\u00e4r det \u00e4r din tur? I varje omg\u00e5ng skriver spelarna ett svar p\u00e5 fr\u00e5gan utifr\u00e5n heta stolen-spelarens perspektiv. Po\u00e4ng delas ut till spelarna som gissade r\u00e4tt p\u00e5 heta stolen-spelarens svar och ocks\u00e5 till dem som med framg\u00e5ng lurade \u00f6vriga spelare att gissa p\u00e5 ditt svar.<\/p>\n","protected":false},"excerpt":{"rendered":"<p>Ta reda p\u00e5 vem som k\u00e4nner dig b\u00e4st! Alla spelare l\u00e5tsas att de \u00e4r du n\u00e4r du sitter i heta stolen. Vad svarar du n\u00e4r det \u00e4r din tur? I varje omg\u00e5ng skriver spelarna ett svar p\u00e5 fr\u00e5gan utifr\u00e5n heta stolen-spelarens perspektiv. Po\u00e4ng delas ut till spelarna som gissade r\u00e4tt p\u00e5 heta stolen-spelarens svar och [&hellip;]<\/p>\n","protected":false},"featured_media":0,"template":"","meta":{"content-type":"","_monsterinsights_skip_tracking":false,"_monsterinsights_sitenote_active":false,"_monsterinsights_sitenote_note":"","_monsterinsights_sitenote_category":0},"product_brand":[],"product_cat":[1541],"product_tag":[],"brand":[],"target-group":[],"discontinued":[],"class_list":{"0":"post-1365617","1":"product","2":"type-product","3":"status-publish","5":"product_cat-party-spel-vuxenspel","7":"first","8":"instock","9":"taxable","10":"shipping-taxable","11":"product-type-simple"},"aioseo_notices":[],"_links":{"self":[{"href":"https:\/\/games.tactic.net\/sv\/wp-json\/wp\/v2\/product\/1365617","targetHints":{"allow":["GET"]}}],"collection":[{"href":"https:\/\/games.tactic.net\/sv\/wp-json\/wp\/v2\/product"}],"about":[{"href":"https:\/\/games.tactic.net\/sv\/wp-json\/wp\/v2\/types\/product"}],"wp:attachment":[{"href":"https:\/\/games.tactic.net\/sv\/wp-json\/wp\/v2\/media?parent=1365617"}],"wp:term":[{"taxonomy":"product_brand","embeddable":true,"href":"https:\/\/games.tactic.net\/sv\/wp-json\/wp\/v2\/product_brand?post=1365617"},{"taxonomy":"product_cat","embeddable":true,"href":"https:\/\/games.tactic.net\/sv\/wp-json\/wp\/v2\/product_cat?post=1365617"},{"taxonomy":"product_tag","embeddable":true,"href":"https:\/\/games.tactic.net\/sv\/wp-json\/wp\/v2\/product_tag?post=1365617"},{"taxonomy":"brand","embeddable":true,"href":"https:\/\/games.tactic.net\/sv\/wp-json\/wp\/v2\/brand?post=1365617"},{"taxonomy":"target-group","embeddable":true,"href":"https:\/\/games.tactic.net\/sv\/wp-json\/wp\/v2\/target-group?post=1365617"},{"taxonomy":"discontinued","embeddable":true,"href":"https:\/\/games.tactic.net\/sv\/wp-json\/wp\/v2\/discontinued?post=1365617"}],"curies":[{"name":"wp","href":"https:\/\/api.w.org\/{rel}","templated":true}]}}