{"id":1364708,"date":"2025-01-23T14:42:22","date_gmt":"2025-01-23T12:42:22","guid":{"rendered":"https:\/\/games.tactic.net\/tuote\/plasto-soft-neutrals-tractor-with-trailer-and-fron\/"},"modified":"2026-04-09T15:44:29","modified_gmt":"2026-04-09T12:44:29","slug":"plasto-soft-neutrals-tractor-with-trailer-and-fron","status":"publish","type":"product","link":"https:\/\/games.tactic.net\/sv\/tuote\/plasto-soft-neutrals-tractor-with-trailer-and-fron\/","title":{"rendered":"PLASTO Soft Neutrals Tractor with trailer and fron"},"content":{"rendered":"<p>Special Edition &#8211; Soft Neutrals! Lugna och avslappnande f\u00e4rger i mjuka naturliga nyanser. Barnens favorit! H\u00e5llbar Plasto traktor med frontlastare och sl\u00e4p! L\u00e4ngd 56,5 cm. H\u00f6jd16 cm. Bredd 16,5 cm. \u00a0\u00c5ldersrekommendation 1+. Tillverkad i Finland.<\/p>\n","protected":false},"excerpt":{"rendered":"<p>Special Edition &#8211; Soft Neutrals! Lugna och avslappnande f\u00e4rger i mjuka naturliga nyanser. Barnens favorit! H\u00e5llbar Plasto traktor med frontlastare och sl\u00e4p! L\u00e4ngd 56,5 cm. H\u00f6jd16 cm. Bredd 16,5 cm. \u00a0\u00c5ldersrekommendation 1+. Tillverkad i Finland.<\/p>\n","protected":false},"featured_media":0,"template":"","meta":{"content-type":"","_monsterinsights_skip_tracking":false,"_monsterinsights_sitenote_active":false,"_monsterinsights_sitenote_note":"","_monsterinsights_sitenote_category":0},"product_brand":[],"product_cat":[2305],"product_tag":[],"brand":[{"id":2317,"name":"Plasto","slug":"plasto-5"}],"target-group":[],"discontinued":[],"class_list":{"0":"post-1364708","1":"product","2":"type-product","3":"status-publish","5":"product_cat-plasto","6":"brand-plasto-5","8":"first","9":"instock","10":"taxable","11":"shipping-taxable","12":"product-type-simple"},"aioseo_notices":[],"_links":{"self":[{"href":"https:\/\/games.tactic.net\/sv\/wp-json\/wp\/v2\/product\/1364708","targetHints":{"allow":["GET"]}}],"collection":[{"href":"https:\/\/games.tactic.net\/sv\/wp-json\/wp\/v2\/product"}],"about":[{"href":"https:\/\/games.tactic.net\/sv\/wp-json\/wp\/v2\/types\/product"}],"wp:attachment":[{"href":"https:\/\/games.tactic.net\/sv\/wp-json\/wp\/v2\/media?parent=1364708"}],"wp:term":[{"taxonomy":"product_brand","embeddable":true,"href":"https:\/\/games.tactic.net\/sv\/wp-json\/wp\/v2\/product_brand?post=1364708"},{"taxonomy":"product_cat","embeddable":true,"href":"https:\/\/games.tactic.net\/sv\/wp-json\/wp\/v2\/product_cat?post=1364708"},{"taxonomy":"product_tag","embeddable":true,"href":"https:\/\/games.tactic.net\/sv\/wp-json\/wp\/v2\/product_tag?post=1364708"},{"taxonomy":"brand","embeddable":true,"href":"https:\/\/games.tactic.net\/sv\/wp-json\/wp\/v2\/brand?post=1364708"},{"taxonomy":"target-group","embeddable":true,"href":"https:\/\/games.tactic.net\/sv\/wp-json\/wp\/v2\/target-group?post=1364708"},{"taxonomy":"discontinued","embeddable":true,"href":"https:\/\/games.tactic.net\/sv\/wp-json\/wp\/v2\/discontinued?post=1364708"}],"curies":[{"name":"wp","href":"https:\/\/api.w.org\/{rel}","templated":true}]}}