{"id":1364580,"date":"2025-01-17T18:37:26","date_gmt":"2025-01-17T16:37:26","guid":{"rendered":"https:\/\/games.tactic.net\/tuote\/plasto-baby-swing-with-ropes-assort\/"},"modified":"2025-01-17T18:37:26","modified_gmt":"2025-01-17T16:37:26","slug":"plasto-baby-swing-with-ropes-assort","status":"publish","type":"product","link":"https:\/\/games.tactic.net\/sv\/tuote\/plasto-baby-swing-with-ropes-assort\/","title":{"rendered":"PLASTO Baby swing with ropes assort."},"content":{"rendered":"<p>I den h\u00e4r gungan sitter babyn tryggt och bekv\u00e4mt. H\u00f6jd 26 cm. Bredd 35 cm. \u00c5ldersrekommendation 10 m\u00e5nader+ . Viktgr\u00e4ns 30\u00a0kg. Tillverkad i Finland.<\/p>\n","protected":false},"excerpt":{"rendered":"<p>I den h\u00e4r gungan sitter babyn tryggt och bekv\u00e4mt. H\u00f6jd 26 cm. Bredd 35 cm. \u00c5ldersrekommendation 10 m\u00e5nader+ . Viktgr\u00e4ns 30\u00a0kg. Tillverkad i Finland.<\/p>\n","protected":false},"featured_media":0,"template":"","meta":{"content-type":"","_monsterinsights_skip_tracking":false,"_monsterinsights_sitenote_active":false,"_monsterinsights_sitenote_note":"","_monsterinsights_sitenote_category":0},"product_brand":[],"product_cat":[2305],"product_tag":[],"brand":[],"target-group":[],"discontinued":[],"class_list":{"0":"post-1364580","1":"product","2":"type-product","3":"status-publish","5":"product_cat-plasto","7":"first","8":"instock","9":"taxable","10":"shipping-taxable","11":"product-type-simple"},"aioseo_notices":[],"_links":{"self":[{"href":"https:\/\/games.tactic.net\/sv\/wp-json\/wp\/v2\/product\/1364580","targetHints":{"allow":["GET"]}}],"collection":[{"href":"https:\/\/games.tactic.net\/sv\/wp-json\/wp\/v2\/product"}],"about":[{"href":"https:\/\/games.tactic.net\/sv\/wp-json\/wp\/v2\/types\/product"}],"wp:attachment":[{"href":"https:\/\/games.tactic.net\/sv\/wp-json\/wp\/v2\/media?parent=1364580"}],"wp:term":[{"taxonomy":"product_brand","embeddable":true,"href":"https:\/\/games.tactic.net\/sv\/wp-json\/wp\/v2\/product_brand?post=1364580"},{"taxonomy":"product_cat","embeddable":true,"href":"https:\/\/games.tactic.net\/sv\/wp-json\/wp\/v2\/product_cat?post=1364580"},{"taxonomy":"product_tag","embeddable":true,"href":"https:\/\/games.tactic.net\/sv\/wp-json\/wp\/v2\/product_tag?post=1364580"},{"taxonomy":"brand","embeddable":true,"href":"https:\/\/games.tactic.net\/sv\/wp-json\/wp\/v2\/brand?post=1364580"},{"taxonomy":"target-group","embeddable":true,"href":"https:\/\/games.tactic.net\/sv\/wp-json\/wp\/v2\/target-group?post=1364580"},{"taxonomy":"discontinued","embeddable":true,"href":"https:\/\/games.tactic.net\/sv\/wp-json\/wp\/v2\/discontinued?post=1364580"}],"curies":[{"name":"wp","href":"https:\/\/api.w.org\/{rel}","templated":true}]}}