{"id":1364556,"date":"2025-01-17T18:35:25","date_gmt":"2025-01-17T16:35:25","guid":{"rendered":"https:\/\/games.tactic.net\/tuote\/plasto-set-of-6-sand-moulds-in-netting-9-12-cm\/"},"modified":"2026-04-09T15:46:18","modified_gmt":"2026-04-09T12:46:18","slug":"plasto-set-of-6-sand-moulds-in-netting-9-12-cm","status":"publish","type":"product","link":"https:\/\/games.tactic.net\/sv\/tuote\/plasto-set-of-6-sand-moulds-in-netting-9-12-cm\/","title":{"rendered":"PLASTO Set of 6 sand moulds in netting, 9-12 cm"},"content":{"rendered":"<p>Roliga Plasto sandformar i olika motiv. Set med 6 stycken i n\u00e4t. L\u00e4ngd 9-12 cm. \u00c5ldersrekommendation 1+.  Tillverkade i Finland. <\/p>\n","protected":false},"excerpt":{"rendered":"<p>Roliga Plasto sandformar i olika motiv. Set med 6 stycken i n\u00e4t. L\u00e4ngd 9-12 cm. \u00c5ldersrekommendation 1+. Tillverkade i Finland.<\/p>\n","protected":false},"featured_media":0,"template":"","meta":{"content-type":"","_monsterinsights_skip_tracking":false,"_monsterinsights_sitenote_active":false,"_monsterinsights_sitenote_note":"","_monsterinsights_sitenote_category":0},"product_brand":[],"product_cat":[2305],"product_tag":[],"brand":[{"id":2317,"name":"Plasto","slug":"plasto-5"}],"target-group":[],"discontinued":[],"class_list":{"0":"post-1364556","1":"product","2":"type-product","3":"status-publish","5":"product_cat-plasto","6":"brand-plasto-5","8":"first","9":"instock","10":"taxable","11":"shipping-taxable","12":"product-type-simple"},"aioseo_notices":[],"_links":{"self":[{"href":"https:\/\/games.tactic.net\/sv\/wp-json\/wp\/v2\/product\/1364556","targetHints":{"allow":["GET"]}}],"collection":[{"href":"https:\/\/games.tactic.net\/sv\/wp-json\/wp\/v2\/product"}],"about":[{"href":"https:\/\/games.tactic.net\/sv\/wp-json\/wp\/v2\/types\/product"}],"wp:attachment":[{"href":"https:\/\/games.tactic.net\/sv\/wp-json\/wp\/v2\/media?parent=1364556"}],"wp:term":[{"taxonomy":"product_brand","embeddable":true,"href":"https:\/\/games.tactic.net\/sv\/wp-json\/wp\/v2\/product_brand?post=1364556"},{"taxonomy":"product_cat","embeddable":true,"href":"https:\/\/games.tactic.net\/sv\/wp-json\/wp\/v2\/product_cat?post=1364556"},{"taxonomy":"product_tag","embeddable":true,"href":"https:\/\/games.tactic.net\/sv\/wp-json\/wp\/v2\/product_tag?post=1364556"},{"taxonomy":"brand","embeddable":true,"href":"https:\/\/games.tactic.net\/sv\/wp-json\/wp\/v2\/brand?post=1364556"},{"taxonomy":"target-group","embeddable":true,"href":"https:\/\/games.tactic.net\/sv\/wp-json\/wp\/v2\/target-group?post=1364556"},{"taxonomy":"discontinued","embeddable":true,"href":"https:\/\/games.tactic.net\/sv\/wp-json\/wp\/v2\/discontinued?post=1364556"}],"curies":[{"name":"wp","href":"https:\/\/api.w.org\/{rel}","templated":true}]}}