{"id":1364537,"date":"2025-01-17T18:34:00","date_gmt":"2025-01-17T16:34:00","guid":{"rendered":"https:\/\/games.tactic.net\/tuote\/plasto-watering-can-1-l\/"},"modified":"2025-03-17T13:08:09","modified_gmt":"2025-03-17T11:08:09","slug":"plasto-watering-can-1-l","status":"publish","type":"product","link":"https:\/\/games.tactic.net\/sv\/tuote\/plasto-watering-can-1-l\/","title":{"rendered":"PLASTO Watering can, 1 L"},"content":{"rendered":"<p>Plasto vattenkanna. L\u00e4tt att b\u00e4ra. L\u00e4tt att vattna. H\u00f6jd 18,5 cm. Volym 1 L.\u00a0 \u00c5ldersrekommendation 1+. Tillverkad i Finland.<\/p>\n","protected":false},"excerpt":{"rendered":"<p>Plasto vattenkanna. L\u00e4tt att b\u00e4ra. L\u00e4tt att vattna. H\u00f6jd 18,5 cm. Volym 1 L.\u00a0 \u00c5ldersrekommendation 1+. Tillverkad i Finland.<\/p>\n","protected":false},"featured_media":0,"template":"","meta":{"content-type":"","_monsterinsights_skip_tracking":false,"_monsterinsights_sitenote_active":false,"_monsterinsights_sitenote_note":"","_monsterinsights_sitenote_category":0},"product_brand":[],"product_cat":[2305],"product_tag":[],"brand":[{"id":2317,"name":"Plasto","slug":"plasto-5"}],"target-group":[],"discontinued":[],"class_list":{"0":"post-1364537","1":"product","2":"type-product","3":"status-publish","5":"product_cat-plasto","6":"brand-plasto-5","8":"first","9":"instock","10":"taxable","11":"shipping-taxable","12":"product-type-simple"},"aioseo_notices":[],"_links":{"self":[{"href":"https:\/\/games.tactic.net\/sv\/wp-json\/wp\/v2\/product\/1364537","targetHints":{"allow":["GET"]}}],"collection":[{"href":"https:\/\/games.tactic.net\/sv\/wp-json\/wp\/v2\/product"}],"about":[{"href":"https:\/\/games.tactic.net\/sv\/wp-json\/wp\/v2\/types\/product"}],"wp:attachment":[{"href":"https:\/\/games.tactic.net\/sv\/wp-json\/wp\/v2\/media?parent=1364537"}],"wp:term":[{"taxonomy":"product_brand","embeddable":true,"href":"https:\/\/games.tactic.net\/sv\/wp-json\/wp\/v2\/product_brand?post=1364537"},{"taxonomy":"product_cat","embeddable":true,"href":"https:\/\/games.tactic.net\/sv\/wp-json\/wp\/v2\/product_cat?post=1364537"},{"taxonomy":"product_tag","embeddable":true,"href":"https:\/\/games.tactic.net\/sv\/wp-json\/wp\/v2\/product_tag?post=1364537"},{"taxonomy":"brand","embeddable":true,"href":"https:\/\/games.tactic.net\/sv\/wp-json\/wp\/v2\/brand?post=1364537"},{"taxonomy":"target-group","embeddable":true,"href":"https:\/\/games.tactic.net\/sv\/wp-json\/wp\/v2\/target-group?post=1364537"},{"taxonomy":"discontinued","embeddable":true,"href":"https:\/\/games.tactic.net\/sv\/wp-json\/wp\/v2\/discontinued?post=1364537"}],"curies":[{"name":"wp","href":"https:\/\/api.w.org\/{rel}","templated":true}]}}