{"id":1364534,"date":"2025-01-17T18:33:47","date_gmt":"2025-01-17T16:33:47","guid":{"rendered":"https:\/\/games.tactic.net\/tuote\/plasto-boat-22-cm-assorted-colours\/"},"modified":"2025-03-17T13:08:04","modified_gmt":"2025-03-17T11:08:04","slug":"plasto-boat-22-cm-assorted-colours","status":"publish","type":"product","link":"https:\/\/games.tactic.net\/sv\/tuote\/plasto-boat-22-cm-assorted-colours\/","title":{"rendered":"PLASTO Boat, 22 cm, assorted colours"},"content":{"rendered":"<p>En rolig Plasto b\u00e5t f\u00f6r vattenlek. L\u00e4ngd 22 cm. \u00c5ldersrekommendation 1+ Tillverkad i Finland.<\/p>\n","protected":false},"excerpt":{"rendered":"<p>En rolig Plasto b\u00e5t f\u00f6r vattenlek. L\u00e4ngd 22 cm. \u00c5ldersrekommendation 1+ Tillverkad i Finland.<\/p>\n","protected":false},"featured_media":0,"template":"","meta":{"content-type":"","_monsterinsights_skip_tracking":false,"_monsterinsights_sitenote_active":false,"_monsterinsights_sitenote_note":"","_monsterinsights_sitenote_category":0},"product_brand":[],"product_cat":[2305],"product_tag":[],"brand":[{"id":2317,"name":"Plasto","slug":"plasto-5"}],"target-group":[],"discontinued":[],"class_list":{"0":"post-1364534","1":"product","2":"type-product","3":"status-publish","5":"product_cat-plasto","6":"brand-plasto-5","8":"first","9":"instock","10":"taxable","11":"shipping-taxable","12":"product-type-simple"},"aioseo_notices":[],"_links":{"self":[{"href":"https:\/\/games.tactic.net\/sv\/wp-json\/wp\/v2\/product\/1364534","targetHints":{"allow":["GET"]}}],"collection":[{"href":"https:\/\/games.tactic.net\/sv\/wp-json\/wp\/v2\/product"}],"about":[{"href":"https:\/\/games.tactic.net\/sv\/wp-json\/wp\/v2\/types\/product"}],"wp:attachment":[{"href":"https:\/\/games.tactic.net\/sv\/wp-json\/wp\/v2\/media?parent=1364534"}],"wp:term":[{"taxonomy":"product_brand","embeddable":true,"href":"https:\/\/games.tactic.net\/sv\/wp-json\/wp\/v2\/product_brand?post=1364534"},{"taxonomy":"product_cat","embeddable":true,"href":"https:\/\/games.tactic.net\/sv\/wp-json\/wp\/v2\/product_cat?post=1364534"},{"taxonomy":"product_tag","embeddable":true,"href":"https:\/\/games.tactic.net\/sv\/wp-json\/wp\/v2\/product_tag?post=1364534"},{"taxonomy":"brand","embeddable":true,"href":"https:\/\/games.tactic.net\/sv\/wp-json\/wp\/v2\/brand?post=1364534"},{"taxonomy":"target-group","embeddable":true,"href":"https:\/\/games.tactic.net\/sv\/wp-json\/wp\/v2\/target-group?post=1364534"},{"taxonomy":"discontinued","embeddable":true,"href":"https:\/\/games.tactic.net\/sv\/wp-json\/wp\/v2\/discontinued?post=1364534"}],"curies":[{"name":"wp","href":"https:\/\/api.w.org\/{rel}","templated":true}]}}