{"id":1364519,"date":"2025-01-17T18:32:38","date_gmt":"2025-01-17T16:32:38","guid":{"rendered":"https:\/\/games.tactic.net\/tuote\/plasto-tractor-with-frontloader-green-32-cm\/"},"modified":"2026-04-09T15:44:39","modified_gmt":"2026-04-09T12:44:39","slug":"plasto-tractor-with-frontloader-green-32-cm","status":"publish","type":"product","link":"https:\/\/games.tactic.net\/sv\/tuote\/plasto-tractor-with-frontloader-green-32-cm\/","title":{"rendered":"PLASTO Tractor with frontloader. Green. 32 cm"},"content":{"rendered":"<p>Beh\u00e4ndig och h\u00e5llbar Plasto traktor med frontlastare! L\u00e4ngd 32 cm. H\u00f6jd 16 cm. Bredd 16,5 cm. \u00c5ldersrekommendation 1+.\u00a0 Tillverkad i Finland.<\/p>\n","protected":false},"excerpt":{"rendered":"<p>Beh\u00e4ndig och h\u00e5llbar Plasto traktor med frontlastare! L\u00e4ngd 32 cm. H\u00f6jd 16 cm. Bredd 16,5 cm. \u00c5ldersrekommendation 1+.\u00a0 Tillverkad i Finland.<\/p>\n","protected":false},"featured_media":0,"template":"","meta":{"content-type":"","_monsterinsights_skip_tracking":false,"_monsterinsights_sitenote_active":false,"_monsterinsights_sitenote_note":"","_monsterinsights_sitenote_category":0},"product_brand":[],"product_cat":[2305],"product_tag":[],"brand":[{"id":2317,"name":"Plasto","slug":"plasto-5"}],"target-group":[],"discontinued":[],"class_list":{"0":"post-1364519","1":"product","2":"type-product","3":"status-publish","5":"product_cat-plasto","6":"brand-plasto-5","8":"first","9":"instock","10":"taxable","11":"shipping-taxable","12":"product-type-simple"},"aioseo_notices":[],"_links":{"self":[{"href":"https:\/\/games.tactic.net\/sv\/wp-json\/wp\/v2\/product\/1364519","targetHints":{"allow":["GET"]}}],"collection":[{"href":"https:\/\/games.tactic.net\/sv\/wp-json\/wp\/v2\/product"}],"about":[{"href":"https:\/\/games.tactic.net\/sv\/wp-json\/wp\/v2\/types\/product"}],"wp:attachment":[{"href":"https:\/\/games.tactic.net\/sv\/wp-json\/wp\/v2\/media?parent=1364519"}],"wp:term":[{"taxonomy":"product_brand","embeddable":true,"href":"https:\/\/games.tactic.net\/sv\/wp-json\/wp\/v2\/product_brand?post=1364519"},{"taxonomy":"product_cat","embeddable":true,"href":"https:\/\/games.tactic.net\/sv\/wp-json\/wp\/v2\/product_cat?post=1364519"},{"taxonomy":"product_tag","embeddable":true,"href":"https:\/\/games.tactic.net\/sv\/wp-json\/wp\/v2\/product_tag?post=1364519"},{"taxonomy":"brand","embeddable":true,"href":"https:\/\/games.tactic.net\/sv\/wp-json\/wp\/v2\/brand?post=1364519"},{"taxonomy":"target-group","embeddable":true,"href":"https:\/\/games.tactic.net\/sv\/wp-json\/wp\/v2\/target-group?post=1364519"},{"taxonomy":"discontinued","embeddable":true,"href":"https:\/\/games.tactic.net\/sv\/wp-json\/wp\/v2\/discontinued?post=1364519"}],"curies":[{"name":"wp","href":"https:\/\/api.w.org\/{rel}","templated":true}]}}